{"id":2,"date":"2017-12-05T17:37:00","date_gmt":"2017-12-05T16:37:00","guid":{"rendered":"http:\/\/www.boichat.ch\/wordpress\/?page_id=2"},"modified":"2025-10-11T09:40:33","modified_gmt":"2025-10-11T07:40:33","slug":"page-d-exemple","status":"publish","type":"page","link":"https:\/\/www.boichat.ch\/wordpress\/","title":{"rendered":"Mes premiers pas avec mon site WordPress"},"content":{"rendered":"\t\t<div data-elementor-type=\"wp-page\" data-elementor-id=\"2\" class=\"elementor elementor-2\">\n\t\t\t\t\t\t\t\t\t<section class=\"elementor-section elementor-top-section elementor-element elementor-element-aefbfee elementor-section-boxed ang-section-padding-initial elementor-section-height-default elementor-section-height-default\" data-id=\"aefbfee\" data-element_type=\"section\">\n\t\t\t\t\t\t<div class=\"elementor-container elementor-column-gap-default\">\n\t\t\t\t\t<div class=\"elementor-column elementor-col-100 elementor-top-column elementor-element elementor-element-5b3cb09\" data-id=\"5b3cb09\" data-element_type=\"column\">\n\t\t\t<div class=\"elementor-widget-wrap elementor-element-populated\">\n\t\t\t\t\t\t\t\t<div class=\"elementor-element elementor-element-a28f82a elementor-invisible elementor-widget elementor-widget-heading\" data-id=\"a28f82a\" data-element_type=\"widget\" data-settings=\"{&quot;_animation&quot;:&quot;zoomIn&quot;}\" data-widget_type=\"heading.default\">\n\t\t\t\t<div class=\"elementor-widget-container\">\n\t\t\t<h1 class=\"elementor-heading-title elementor-size-default\"><a href=\"https:\/\/www.boichat.ch\/wordpress\">Comment j'ai d\u00e9but\u00e9 avec WordPress<\/a><\/h1>\t\t<\/div>\n\t\t\t\t<\/div>\n\t\t\t\t\t<\/div>\n\t\t<\/div>\n\t\t\t\t\t\t\t<\/div>\n\t\t<\/section>\n\t\t\t\t<section class=\"elementor-section elementor-top-section elementor-element elementor-element-c7fa13b elementor-section-boxed ang-section-padding-initial elementor-section-height-default elementor-section-height-default\" data-id=\"c7fa13b\" data-element_type=\"section\">\n\t\t\t\t\t\t<div class=\"elementor-container elementor-column-gap-default\">\n\t\t\t\t\t<div class=\"elementor-column elementor-col-50 elementor-top-column elementor-element elementor-element-f024dd1\" data-id=\"f024dd1\" data-element_type=\"column\">\n\t\t\t<div class=\"elementor-widget-wrap elementor-element-populated\">\n\t\t\t\t\t\t\t\t<div class=\"elementor-element elementor-element-1ffa60d elementor-widget elementor-widget-image\" data-id=\"1ffa60d\" data-element_type=\"widget\" data-widget_type=\"image.default\">\n\t\t\t\t<div class=\"elementor-widget-container\">\n\t\t\t\t\t\t\t\t\t\t\t\t\t\t\t<img decoding=\"async\" loading=\"lazy\" width=\"300\" height=\"158\" src=\"https:\/\/www.boichat.ch\/wordpress\/wp-content\/uploads\/2017\/12\/japon1-300x158.jpg\" class=\"elementor-animation-shrink attachment-medium size-medium wp-image-118\" alt=\"\" srcset=\"https:\/\/www.boichat.ch\/wordpress\/wp-content\/uploads\/2017\/12\/japon1-300x158.jpg 300w, https:\/\/www.boichat.ch\/wordpress\/wp-content\/uploads\/2017\/12\/japon1-768x403.jpg 768w, https:\/\/www.boichat.ch\/wordpress\/wp-content\/uploads\/2017\/12\/japon1-325x170.jpg 325w, https:\/\/www.boichat.ch\/wordpress\/wp-content\/uploads\/2017\/12\/japon1.jpg 1000w\" sizes=\"(max-width: 300px) 100vw, 300px\" \/>\t\t\t\t\t\t\t\t\t\t\t\t\t\t\t<\/div>\n\t\t\t\t<\/div>\n\t\t\t\t\t<\/div>\n\t\t<\/div>\n\t\t\t\t<div class=\"elementor-column elementor-col-50 elementor-top-column elementor-element elementor-element-81bf3d6\" data-id=\"81bf3d6\" data-element_type=\"column\">\n\t\t\t<div class=\"elementor-widget-wrap elementor-element-populated\">\n\t\t\t\t\t\t\t\t<div class=\"elementor-element elementor-element-bcfc0c7 elementor-widget elementor-widget-text-editor\" data-id=\"bcfc0c7\" data-element_type=\"widget\" data-widget_type=\"text-editor.default\">\n\t\t\t\t<div class=\"elementor-widget-container\">\n\t\t\t\t\t\t\t<p><em>Tokyo &#8211; Octobre 2017 &#8211; Parc d&#8217;Ueno<\/em><\/p>\t\t\t\t\t\t<\/div>\n\t\t\t\t<\/div>\n\t\t\t\t\t<\/div>\n\t\t<\/div>\n\t\t\t\t\t\t\t<\/div>\n\t\t<\/section>\n\t\t\t\t<section class=\"elementor-section elementor-top-section elementor-element elementor-element-c9f171d elementor-section-boxed ang-section-padding-initial elementor-section-height-default elementor-section-height-default\" data-id=\"c9f171d\" data-element_type=\"section\">\n\t\t\t\t\t\t<div class=\"elementor-container elementor-column-gap-default\">\n\t\t\t\t\t<div class=\"elementor-column elementor-col-100 elementor-top-column elementor-element elementor-element-0b2bf93\" data-id=\"0b2bf93\" data-element_type=\"column\">\n\t\t\t<div class=\"elementor-widget-wrap elementor-element-populated\">\n\t\t\t\t\t\t\t\t<div class=\"elementor-element elementor-element-767bf56 elementor-widget elementor-widget-text-editor\" data-id=\"767bf56\" data-element_type=\"widget\" data-widget_type=\"text-editor.default\">\n\t\t\t\t<div class=\"elementor-widget-container\">\n\t\t\t\t\t\t\t<p><strong><em>Date de la derni\u00e8re modification: 11 octobre 2025<\/em><\/strong><\/p>\t\t\t\t\t\t<\/div>\n\t\t\t\t<\/div>\n\t\t\t\t\t<\/div>\n\t\t<\/div>\n\t\t\t\t\t\t\t<\/div>\n\t\t<\/section>\n\t\t\t\t<section class=\"elementor-section elementor-top-section elementor-element elementor-element-73610df elementor-section-boxed ang-section-padding-initial elementor-section-height-default elementor-section-height-default\" data-id=\"73610df\" data-element_type=\"section\">\n\t\t\t\t\t\t<div class=\"elementor-container elementor-column-gap-default\">\n\t\t\t\t\t<div class=\"elementor-column elementor-col-33 elementor-top-column elementor-element elementor-element-d9e7b4c\" data-id=\"d9e7b4c\" data-element_type=\"column\">\n\t\t\t<div class=\"elementor-widget-wrap elementor-element-populated\">\n\t\t\t\t\t\t\t\t<div class=\"elementor-element elementor-element-57504ac elementor-widget__width-initial elementor-widget elementor-widget-text-editor\" data-id=\"57504ac\" data-element_type=\"widget\" data-widget_type=\"text-editor.default\">\n\t\t\t\t<div class=\"elementor-widget-container\">\n\t\t\t\t\t\t\t<p><span style=\"font-size: 16px;\">J&#8217;ai install\u00e9 <strong><a href=\"https:\/\/fr.wordpress.org\/\" target=\"_blank\" rel=\"noopener\">WordPress<\/a> <\/strong>fin 2017 chez mon h\u00e9bergeur et en parall\u00e8le avec <b><a href=\"https:\/\/www.boichat.ch\/joomla\/\" target=\"_blank\" rel=\"noopener\">mon premier site Web sous Joomla<\/a><\/b><strong>\u00a0<\/strong>(cr\u00e9\u00e9 d\u00e9but 2016).\u00a0 J<span style=\"color: var( --e-global-color-text ); font-style: var( --e-global-typography-text-font-style ); letter-spacing: var( --e-global-typography-text-letter-spacing ); text-transform: var( --e-global-typography-text-text-transform );\">&#8216;ai commenc\u00e9 par m\u2019amuser un peu, afin de comprendre les diff\u00e9rences entre <b>Joomla <\/b>et <b>WordPress<\/b>. Mes premiers pas ont \u00e9t\u00e9 plus que positifs. Apr\u00e8s pr\u00e8s de deux ans consacr\u00e9s \u00e0 <b>Joomla<\/b>, je suis vraiment impressionn\u00e9 par la facilit\u00e9 d&#8217;administrer un site <b>WordPress<\/b>. \u00c9videmment,\u00a0lorsqu&#8217;on a d\u00e9j\u00e0 travaill\u00e9 avec un CMS (un syst\u00e8me de gestion de contenu), c&#8217;est un peu plus facile.<\/span><\/span><\/p>\t\t\t\t\t\t<\/div>\n\t\t\t\t<\/div>\n\t\t\t\t\t<\/div>\n\t\t<\/div>\n\t\t\t\t<div class=\"elementor-column elementor-col-33 elementor-top-column elementor-element elementor-element-96036df elementor-hidden-tablet elementor-hidden-mobile\" data-id=\"96036df\" data-element_type=\"column\">\n\t\t\t<div class=\"elementor-widget-wrap\">\n\t\t\t\t\t\t\t\t\t<\/div>\n\t\t<\/div>\n\t\t\t\t<div class=\"elementor-column elementor-col-33 elementor-top-column elementor-element elementor-element-bf75fdc\" data-id=\"bf75fdc\" data-element_type=\"column\" data-settings=\"{&quot;background_background&quot;:&quot;classic&quot;}\">\n\t\t\t<div class=\"elementor-widget-wrap elementor-element-populated\">\n\t\t\t\t\t\t\t\t<div class=\"elementor-element elementor-element-a8c6e7c elementor-widget elementor-widget-spacer\" data-id=\"a8c6e7c\" data-element_type=\"widget\" data-widget_type=\"spacer.default\">\n\t\t\t\t<div class=\"elementor-widget-container\">\n\t\t\t\t\t<div class=\"elementor-spacer\">\n\t\t\t<div class=\"elementor-spacer-inner\"><\/div>\n\t\t<\/div>\n\t\t\t\t<\/div>\n\t\t\t\t<\/div>\n\t\t\t\t<div class=\"elementor-element elementor-element-9a8d692 elementor-hidden-tablet elementor-hidden-mobile elementor-widget elementor-widget-spacer\" data-id=\"9a8d692\" data-element_type=\"widget\" data-widget_type=\"spacer.default\">\n\t\t\t\t<div class=\"elementor-widget-container\">\n\t\t\t\t\t<div class=\"elementor-spacer\">\n\t\t\t<div class=\"elementor-spacer-inner\"><\/div>\n\t\t<\/div>\n\t\t\t\t<\/div>\n\t\t\t\t<\/div>\n\t\t\t\t<div class=\"elementor-element elementor-element-d8b67bf elementor-widget elementor-widget-text-editor\" data-id=\"d8b67bf\" data-element_type=\"widget\" data-widget_type=\"text-editor.default\">\n\t\t\t\t<div class=\"elementor-widget-container\">\n\t\t\t\t\t\t\t<p style=\"text-align: left;\"><span style=\"font-size: 17px;\">Pour certaines pr\u00e9sentations (avec mes nombreux <b><a href=\"https:\/\/www.boichat.ch\/joomla\/index.php?option=com_content&amp;view=article&amp;id=113&amp;catid=80&amp;Itemid=484\" target=\"_blank\" rel=\"noopener\">albums photo Google<\/a><\/b>\u00a0et<b><a href=\"https:\/\/www.youtube.com\/user\/jbboichat\" target=\"_blank\" rel=\"noopener\"> quelques vid\u00e9os sur Youtube<\/a><\/b>\u00a0comme <a href=\"https:\/\/www.youtube.com\/watch?v=AUwHOTMuBK0\" target=\"_blank\" rel=\"noopener\"><b>Antarctique Ph\u00e9nom\u00e9nal<\/b><\/a>), j&#8217;ai eu\u00a0vraiment beaucoup de plaisir avec <b><a href=\"https:\/\/www.boichat.ch\/wordpress\/2017\/12\/12\/belfaux-givre-decembre-2016\/\" target=\"_blank\" rel=\"noopener\">ce premier exercice<\/a><\/b>\u00a0tr\u00e8s sommaire.<\/span><\/p>\t\t\t\t\t\t<\/div>\n\t\t\t\t<\/div>\n\t\t\t\t\t<\/div>\n\t\t<\/div>\n\t\t\t\t\t\t\t<\/div>\n\t\t<\/section>\n\t\t\t\t<section class=\"elementor-section elementor-top-section elementor-element elementor-element-a6aafac elementor-section-boxed ang-section-padding-initial elementor-section-height-default elementor-section-height-default\" data-id=\"a6aafac\" data-element_type=\"section\">\n\t\t\t\t\t\t<div class=\"elementor-container elementor-column-gap-default\">\n\t\t\t\t\t<div class=\"elementor-column elementor-col-100 elementor-top-column elementor-element elementor-element-d2cb21d\" data-id=\"d2cb21d\" data-element_type=\"column\" data-settings=\"{&quot;background_background&quot;:&quot;classic&quot;}\">\n\t\t\t<div class=\"elementor-widget-wrap elementor-element-populated\">\n\t\t\t\t\t\t\t\t<div class=\"elementor-element elementor-element-1d74dad elementor-widget elementor-widget-text-editor\" data-id=\"1d74dad\" data-element_type=\"widget\" data-widget_type=\"text-editor.default\">\n\t\t\t\t<div class=\"elementor-widget-container\">\n\t\t\t\t\t\t\t<p>J&#8217;ai \u00e9videmment partag\u00e9 ici\u00a0<strong><a href=\"https:\/\/www.boichat.ch\/joomla\/index.php?option=com_content&amp;view=category&amp;id=96&amp;Itemid=509\" target=\"_blank\" rel=\"noopener\">Mon exp\u00e9rience WordPress<\/a><\/strong>, ainsi que son utilisation pour un second site WordPress (janvier 2019) pour <strong><a href=\"https:\/\/www.boichat.ch\/wpjrsp\/\" target=\"_blank\" rel=\"noopener\">mon dernier livre sur Java et Python avec le Raspberry Pi<\/a><\/strong>. A partir de 2021, j&#8217;y ai ajout\u00e9 d&#8217;autres articles qui sont plus des documents de travail, mais qui pourraient int\u00e9resser certains hobbyistes et bricoleurs, comme mon\u00a0<strong><a href=\"https:\/\/www.boichat.ch\/wordpress\/2021\/01\/23\/imprimante-3d-creality-ender-3-v2\/\" target=\"_blank\" rel=\"noopener\">Imprimante 3D &#8211; Creality Ender 3 V2<\/a><\/strong>.<\/p>\n<p>J&#8217;ai aussi r\u00e9vis\u00e9 certains articles plus r\u00e9cemment apr\u00e8s mon passage \u00e0 <b>Elementor<\/b>\u00a0comme:<br \/>&#8211; <a href=\"https:\/\/www.boichat.ch\/wordpress\/2020\/09\/28\/introduction-mes-premiers-pas-avec-wordpress-elementor\/\" target=\"_blank\" rel=\"noopener\">Introduction: Mes premiers pas avec WordPress Elementor<\/a>;<br \/>&#8211; <b>Octobre 2023<\/b>:\u00a0<a href=\"https:\/\/www.boichat.ch\/wpnath\/\" target=\"_blank\" rel=\"noopener\">Liens utiles pour les containers Flexbox d\u2019Elementor dans WordPress<\/a>;<br \/>&#8211; <a href=\"https:\/\/www.boichat.ch\/wordpress\/2020\/10\/03\/installation-de-xampp-wordpress-et-elementor\/\" target=\"_blank\" rel=\"noopener\">Installation de Xampp, Wampserver, WordPress et Elementor<\/a>\u00a0que je vais sans doute remplacer par:<br \/>&#8211; <span style=\"font-size: 17px;\">R\u00e9vis\u00e9\u00a0<span style=\"font-weight: bold;\">avril 2025<\/span>:\u00a0<a style=\"background-color: #eaebec; transition-property: all;\" href=\"https:\/\/www.boichat.ch\/wordpress\/2017\/12\/11\/wordpress-commencer-sur-un-pc\/\" target=\"_blank\" rel=\"noopener\">WordPress &#8211; D\u00e9buter sur un PC<\/a><\/span>.<\/p>\n<p>Certains lecteurs pourraient se poser la question si des CMS comme <b>Joomla <\/b>ou <b>WordPress <\/b>sont vraiment n\u00e9cessaires. En construisant le site Web Orna\u00ef (<strong><a href=\"https:\/\/www.ornai.ch\" target=\"_blank\" rel=\"noopener\">https:\/\/www.ornai.ch<\/a>, <\/strong>aujourd&#8217;hui sous <b>Elementor<\/b>), un site d&#8217;architecture d&#8217;int\u00e9rieur, j&#8217;ai construit une premi\u00e8re page uniquement en <b>HTML <\/b>et je me suis bien amus\u00e9 en documentant mon travail: <a href=\"https:\/\/www.boichat.ch\/joomla\/index.php?option=com_content&amp;view=article&amp;id=136:sans-joomla-ni-wordpress-html-css&amp;catid=98&amp;Itemid=521\" target=\"_blank\" rel=\"noopener\">Sans Joomla ni WordPress (HTML\/CSS)<\/a>. Le r\u00e9sultat avec <b>Elementor <\/b>est \u00e9videmment plus que convainquant!<\/p>\n<p>J&#8217;ai \u00e9crit toute <a href=\"https:\/\/www.boichat.ch\/joomla\/index.php?option=com_content&amp;view=category&amp;id=90&amp;Itemid=496\" target=\"_blank\" rel=\"noopener\">une s\u00e9rie d&#8217;articles sur Jommla<\/a>, donc on retrouvera l&#8217;article\u00a0<a href=\"https:\/\/www.boichat.ch\/joomla\/index.php?option=com_content&amp;view=article&amp;id=139:gain-d-espace-dans-une-base-de-donnees&amp;catid=90&amp;Itemid=496\" target=\"_blank\" rel=\"noopener\">Gain d&#8217;espace dans une base de donn\u00e9es<\/a>, o\u00f9 j&#8217;explique comment d\u00e9poussi\u00e9rer les tables\u00a0<b>WordPress <\/b>d&#8217;une base de donn\u00e9es avec <b>WP-Optimize<\/b>.<\/p>\t\t\t\t\t\t<\/div>\n\t\t\t\t<\/div>\n\t\t\t\t\t<\/div>\n\t\t<\/div>\n\t\t\t\t\t\t\t<\/div>\n\t\t<\/section>\n\t\t\t\t<section class=\"elementor-section elementor-top-section elementor-element elementor-element-6753f5f elementor-section-boxed ang-section-padding-initial elementor-section-height-default elementor-section-height-default\" data-id=\"6753f5f\" data-element_type=\"section\">\n\t\t\t\t\t\t<div class=\"elementor-container elementor-column-gap-default\">\n\t\t\t\t\t<div class=\"elementor-column elementor-col-50 elementor-top-column elementor-element elementor-element-96f032e\" data-id=\"96f032e\" data-element_type=\"column\">\n\t\t\t<div class=\"elementor-widget-wrap elementor-element-populated\">\n\t\t\t\t\t\t\t\t<div class=\"elementor-element elementor-element-ceb1b05 elementor-widget elementor-widget-text-editor\" data-id=\"ceb1b05\" data-element_type=\"widget\" data-widget_type=\"text-editor.default\">\n\t\t\t\t<div class=\"elementor-widget-container\">\n\t\t\t\t\t\t\t<p><span style=\"color: var( --e-global-color-text ); font-family: var( --e-global-typography-text-font-family ); font-size: var( --e-global-typography-text-font-size ); font-style: var( --e-global-typography-text-font-style ); font-weight: var( --e-global-typography-text-font-weight ); letter-spacing: var( --e-global-typography-text-letter-spacing ); text-transform: var( --e-global-typography-text-text-transform );\">Contact:\u00a0 <\/span><a style=\"font-family: var( --e-global-typography-text-font-family ); font-size: var( --e-global-typography-text-font-size ); font-style: var( --e-global-typography-text-font-style ); letter-spacing: var( --e-global-typography-text-letter-spacing ); text-transform: var( --e-global-typography-text-text-transform ); background-color: #ffffff;\" href=\"mailto:jean-bernard@boichat.ch\" target=\"_blank\" rel=\"noopener\">jean-bernard@boichat.ch<\/a><\/p>\t\t\t\t\t\t<\/div>\n\t\t\t\t<\/div>\n\t\t\t\t\t<\/div>\n\t\t<\/div>\n\t\t\t\t<div class=\"elementor-column elementor-col-50 elementor-top-column elementor-element elementor-element-69bb573\" data-id=\"69bb573\" data-element_type=\"column\">\n\t\t\t<div class=\"elementor-widget-wrap\">\n\t\t\t\t\t\t\t\t\t<\/div>\n\t\t<\/div>\n\t\t\t\t\t\t\t<\/div>\n\t\t<\/section>\n\t\t<div class=\"elementor-element elementor-element-bec69fa e-flex e-con-boxed e-con e-parent\" data-id=\"bec69fa\" data-element_type=\"container\" data-settings=\"{&quot;content_width&quot;:&quot;boxed&quot;}\" data-core-v316-plus=\"true\">\n\t\t\t\t\t<div class=\"e-con-inner\">\n\t\t\t\t<div class=\"elementor-element elementor-element-e71292b elementor-widget elementor-widget-spacer\" data-id=\"e71292b\" data-element_type=\"widget\" data-widget_type=\"spacer.default\">\n\t\t\t\t<div class=\"elementor-widget-container\">\n\t\t\t\t\t<div class=\"elementor-spacer\">\n\t\t\t<div class=\"elementor-spacer-inner\"><\/div>\n\t\t<\/div>\n\t\t\t\t<\/div>\n\t\t\t\t<\/div>\n\t\t\t\t\t<\/div>\n\t\t\t\t<\/div>\n\t\t\t\t\t\t\t<\/div>\n\t\t","protected":false},"excerpt":{"rendered":"<p>Comment j&#8217;ai d\u00e9but\u00e9 avec WordPress Tokyo &#8211; Octobre 2017 &#8211; Parc d&#8217;Ueno J&#8217;ai install\u00e9 WordPress fin 2017 chez mon h\u00e9bergeur et en parall\u00e8le avec mon&hellip;<\/p>\n","protected":false},"author":1,"featured_media":0,"parent":0,"menu_order":0,"comment_status":"closed","ping_status":"closed","template":"elementor_header_footer","meta":{"om_disable_all_campaigns":false,"ngg_post_thumbnail":0,"footnotes":""},"acf":[],"yoast_head":"<!-- This site is optimized with the Yoast SEO plugin v21.6 - https:\/\/yoast.com\/wordpress\/plugins\/seo\/ -->\n<title>Mes premiers pas avec mon site Wordpress - Jean-Bernard Boichat<\/title>\n<meta name=\"description\" content=\"Site de Jean-Bernard Boichat consacr\u00e9 principalement \u00e0 Wordpress, Elementor, l&#039;impression 3D, l&#039;\u00e9lectricit\u00e9, les installations photovolta\u00efques et la voiture \u00e9lectrique.\" \/>\n<meta name=\"robots\" content=\"index, follow, max-snippet:-1, max-image-preview:large, max-video-preview:-1\" \/>\n<link rel=\"canonical\" href=\"https:\/\/www.boichat.ch\/wordpress\/\" \/>\n<meta property=\"og:locale\" content=\"fr_FR\" \/>\n<meta property=\"og:type\" content=\"article\" \/>\n<meta property=\"og:title\" content=\"Mes premiers pas avec mon site Wordpress - Jean-Bernard Boichat\" \/>\n<meta property=\"og:description\" content=\"Site de Jean-Bernard Boichat consacr\u00e9 principalement \u00e0 Wordpress, Elementor, l&#039;impression 3D, l&#039;\u00e9lectricit\u00e9, les installations photovolta\u00efques et la voiture \u00e9lectrique.\" \/>\n<meta property=\"og:url\" content=\"https:\/\/www.boichat.ch\/wordpress\/\" \/>\n<meta property=\"og:site_name\" content=\"Jean-Bernard Boichat\" \/>\n<meta property=\"article:modified_time\" content=\"2025-10-11T07:40:33+00:00\" \/>\n<meta property=\"og:image\" content=\"https:\/\/www.boichat.ch\/wordpress\/wp-content\/uploads\/2017\/12\/japon1-300x158.jpg\" \/>\n<meta name=\"twitter:card\" content=\"summary_large_image\" \/>\n<meta name=\"twitter:label1\" content=\"Dur\u00e9e de lecture estim\u00e9e\" \/>\n\t<meta name=\"twitter:data1\" content=\"2 minutes\" \/>\n<script type=\"application\/ld+json\" class=\"yoast-schema-graph\">{\"@context\":\"https:\/\/schema.org\",\"@graph\":[{\"@type\":\"WebPage\",\"@id\":\"https:\/\/www.boichat.ch\/wordpress\/\",\"url\":\"https:\/\/www.boichat.ch\/wordpress\/\",\"name\":\"Mes premiers pas avec mon site Wordpress - Jean-Bernard Boichat\",\"isPartOf\":{\"@id\":\"https:\/\/www.boichat.ch\/wordpress\/#website\"},\"datePublished\":\"2017-12-05T16:37:00+00:00\",\"dateModified\":\"2025-10-11T07:40:33+00:00\",\"description\":\"Site de Jean-Bernard Boichat consacr\u00e9 principalement \u00e0 Wordpress, Elementor, l'impression 3D, l'\u00e9lectricit\u00e9, les installations photovolta\u00efques et la voiture \u00e9lectrique.\",\"breadcrumb\":{\"@id\":\"https:\/\/www.boichat.ch\/wordpress\/#breadcrumb\"},\"inLanguage\":\"fr-FR\",\"potentialAction\":[{\"@type\":\"ReadAction\",\"target\":[\"https:\/\/www.boichat.ch\/wordpress\/\"]}]},{\"@type\":\"BreadcrumbList\",\"@id\":\"https:\/\/www.boichat.ch\/wordpress\/#breadcrumb\",\"itemListElement\":[{\"@type\":\"ListItem\",\"position\":1,\"name\":\"Accueil\",\"item\":\"https:\/\/www.boichat.ch\/wordpress\/\"},{\"@type\":\"ListItem\",\"position\":2,\"name\":\"Mes premiers pas avec mon site WordPress\"}]},{\"@type\":\"WebSite\",\"@id\":\"https:\/\/www.boichat.ch\/wordpress\/#website\",\"url\":\"https:\/\/www.boichat.ch\/wordpress\/\",\"name\":\"Jean-Bernard Boichat\",\"description\":\"Mon site WordPress\",\"publisher\":{\"@id\":\"https:\/\/www.boichat.ch\/wordpress\/#\/schema\/person\/fe6328cc5b74b8a6e8d841285a928751\"},\"potentialAction\":[{\"@type\":\"SearchAction\",\"target\":{\"@type\":\"EntryPoint\",\"urlTemplate\":\"https:\/\/www.boichat.ch\/wordpress\/?s={search_term_string}\"},\"query-input\":\"required name=search_term_string\"}],\"inLanguage\":\"fr-FR\"},{\"@type\":[\"Person\",\"Organization\"],\"@id\":\"https:\/\/www.boichat.ch\/wordpress\/#\/schema\/person\/fe6328cc5b74b8a6e8d841285a928751\",\"name\":\"Jean-Bernard Boichat\",\"image\":{\"@type\":\"ImageObject\",\"inLanguage\":\"fr-FR\",\"@id\":\"https:\/\/www.boichat.ch\/wordpress\/#\/schema\/person\/image\/\",\"url\":\"https:\/\/secure.gravatar.com\/avatar\/862886ce35a52b9d13595e18ac3c3ea5?s=96&d=mm&r=g\",\"contentUrl\":\"https:\/\/secure.gravatar.com\/avatar\/862886ce35a52b9d13595e18ac3c3ea5?s=96&d=mm&r=g\",\"caption\":\"Jean-Bernard Boichat\"},\"logo\":{\"@id\":\"https:\/\/www.boichat.ch\/wordpress\/#\/schema\/person\/image\/\"}}]}<\/script>\n<!-- \/ Yoast SEO plugin. -->","yoast_head_json":{"title":"Mes premiers pas avec mon site Wordpress - Jean-Bernard Boichat","description":"Site de Jean-Bernard Boichat consacr\u00e9 principalement \u00e0 Wordpress, Elementor, l'impression 3D, l'\u00e9lectricit\u00e9, les installations photovolta\u00efques et la voiture \u00e9lectrique.","robots":{"index":"index","follow":"follow","max-snippet":"max-snippet:-1","max-image-preview":"max-image-preview:large","max-video-preview":"max-video-preview:-1"},"canonical":"https:\/\/www.boichat.ch\/wordpress\/","og_locale":"fr_FR","og_type":"article","og_title":"Mes premiers pas avec mon site Wordpress - Jean-Bernard Boichat","og_description":"Site de Jean-Bernard Boichat consacr\u00e9 principalement \u00e0 Wordpress, Elementor, l'impression 3D, l'\u00e9lectricit\u00e9, les installations photovolta\u00efques et la voiture \u00e9lectrique.","og_url":"https:\/\/www.boichat.ch\/wordpress\/","og_site_name":"Jean-Bernard Boichat","article_modified_time":"2025-10-11T07:40:33+00:00","og_image":[{"url":"https:\/\/www.boichat.ch\/wordpress\/wp-content\/uploads\/2017\/12\/japon1-300x158.jpg"}],"twitter_card":"summary_large_image","twitter_misc":{"Dur\u00e9e de lecture estim\u00e9e":"2 minutes"},"schema":{"@context":"https:\/\/schema.org","@graph":[{"@type":"WebPage","@id":"https:\/\/www.boichat.ch\/wordpress\/","url":"https:\/\/www.boichat.ch\/wordpress\/","name":"Mes premiers pas avec mon site Wordpress - Jean-Bernard Boichat","isPartOf":{"@id":"https:\/\/www.boichat.ch\/wordpress\/#website"},"datePublished":"2017-12-05T16:37:00+00:00","dateModified":"2025-10-11T07:40:33+00:00","description":"Site de Jean-Bernard Boichat consacr\u00e9 principalement \u00e0 Wordpress, Elementor, l'impression 3D, l'\u00e9lectricit\u00e9, les installations photovolta\u00efques et la voiture \u00e9lectrique.","breadcrumb":{"@id":"https:\/\/www.boichat.ch\/wordpress\/#breadcrumb"},"inLanguage":"fr-FR","potentialAction":[{"@type":"ReadAction","target":["https:\/\/www.boichat.ch\/wordpress\/"]}]},{"@type":"BreadcrumbList","@id":"https:\/\/www.boichat.ch\/wordpress\/#breadcrumb","itemListElement":[{"@type":"ListItem","position":1,"name":"Accueil","item":"https:\/\/www.boichat.ch\/wordpress\/"},{"@type":"ListItem","position":2,"name":"Mes premiers pas avec mon site WordPress"}]},{"@type":"WebSite","@id":"https:\/\/www.boichat.ch\/wordpress\/#website","url":"https:\/\/www.boichat.ch\/wordpress\/","name":"Jean-Bernard Boichat","description":"Mon site WordPress","publisher":{"@id":"https:\/\/www.boichat.ch\/wordpress\/#\/schema\/person\/fe6328cc5b74b8a6e8d841285a928751"},"potentialAction":[{"@type":"SearchAction","target":{"@type":"EntryPoint","urlTemplate":"https:\/\/www.boichat.ch\/wordpress\/?s={search_term_string}"},"query-input":"required name=search_term_string"}],"inLanguage":"fr-FR"},{"@type":["Person","Organization"],"@id":"https:\/\/www.boichat.ch\/wordpress\/#\/schema\/person\/fe6328cc5b74b8a6e8d841285a928751","name":"Jean-Bernard Boichat","image":{"@type":"ImageObject","inLanguage":"fr-FR","@id":"https:\/\/www.boichat.ch\/wordpress\/#\/schema\/person\/image\/","url":"https:\/\/secure.gravatar.com\/avatar\/862886ce35a52b9d13595e18ac3c3ea5?s=96&d=mm&r=g","contentUrl":"https:\/\/secure.gravatar.com\/avatar\/862886ce35a52b9d13595e18ac3c3ea5?s=96&d=mm&r=g","caption":"Jean-Bernard Boichat"},"logo":{"@id":"https:\/\/www.boichat.ch\/wordpress\/#\/schema\/person\/image\/"}}]}},"_links":{"self":[{"href":"https:\/\/www.boichat.ch\/wordpress\/wp-json\/wp\/v2\/pages\/2"}],"collection":[{"href":"https:\/\/www.boichat.ch\/wordpress\/wp-json\/wp\/v2\/pages"}],"about":[{"href":"https:\/\/www.boichat.ch\/wordpress\/wp-json\/wp\/v2\/types\/page"}],"author":[{"embeddable":true,"href":"https:\/\/www.boichat.ch\/wordpress\/wp-json\/wp\/v2\/users\/1"}],"replies":[{"embeddable":true,"href":"https:\/\/www.boichat.ch\/wordpress\/wp-json\/wp\/v2\/comments?post=2"}],"version-history":[{"count":0,"href":"https:\/\/www.boichat.ch\/wordpress\/wp-json\/wp\/v2\/pages\/2\/revisions"}],"wp:attachment":[{"href":"https:\/\/www.boichat.ch\/wordpress\/wp-json\/wp\/v2\/media?parent=2"}],"curies":[{"name":"wp","href":"https:\/\/api.w.org\/{rel}","templated":true}]}}