{"id":4322,"date":"2021-09-15T09:01:26","date_gmt":"2021-09-15T07:01:26","guid":{"rendered":"http:\/\/www.boichat.ch\/wordpress\/?page_id=4322"},"modified":"2021-09-15T09:17:55","modified_gmt":"2021-09-15T07:17:55","slug":"nathtestori","status":"publish","type":"page","link":"https:\/\/www.boichat.ch\/wordpress\/nathtestori\/","title":{"rendered":"Nathalie Test0"},"content":{"rendered":"","protected":true},"excerpt":{"rendered":"","protected":true},"author":1,"featured_media":0,"parent":0,"menu_order":0,"comment_status":"closed","ping_status":"closed","template":"","meta":{"om_disable_all_campaigns":false,"ngg_post_thumbnail":0,"footnotes":""},"acf":[],"yoast_head":"<!-- This site is optimized with the Yoast SEO plugin v21.6 - https:\/\/yoast.com\/wordpress\/plugins\/seo\/ -->\n<title>Nathalie Test0 - Jean-Bernard Boichat<\/title>\n<meta name=\"description\" content=\"Site de Jean-Bernard Boichat consacr\u00e9 principalement \u00e0 Wordpress, Elementor, l&#039;impression 3D, l&#039;\u00e9lectricit\u00e9, les installations photovolta\u00efques et la voiture \u00e9lectrique.\" \/>\n<meta name=\"robots\" content=\"index, follow, max-snippet:-1, max-image-preview:large, max-video-preview:-1\" \/>\n<link rel=\"canonical\" href=\"https:\/\/www.boichat.ch\/wordpress\/nathtestori\/\" \/>\n<meta property=\"og:locale\" content=\"fr_FR\" \/>\n<meta property=\"og:type\" content=\"article\" \/>\n<meta property=\"og:title\" content=\"Nathalie Test0 - Jean-Bernard Boichat\" \/>\n<meta property=\"og:description\" content=\"Site de Jean-Bernard Boichat consacr\u00e9 principalement \u00e0 Wordpress, Elementor, l&#039;impression 3D, l&#039;\u00e9lectricit\u00e9, les installations photovolta\u00efques et la voiture \u00e9lectrique.\" \/>\n<meta property=\"og:url\" content=\"https:\/\/www.boichat.ch\/wordpress\/nathtestori\/\" \/>\n<meta property=\"og:site_name\" content=\"Jean-Bernard Boichat\" \/>\n<meta property=\"article:modified_time\" content=\"2021-09-15T07:17:55+00:00\" \/>\n<meta name=\"twitter:card\" content=\"summary_large_image\" \/>\n<script type=\"application\/ld+json\" class=\"yoast-schema-graph\">{\"@context\":\"https:\/\/schema.org\",\"@graph\":[{\"@type\":\"WebPage\",\"@id\":\"https:\/\/www.boichat.ch\/wordpress\/nathtestori\/\",\"url\":\"https:\/\/www.boichat.ch\/wordpress\/nathtestori\/\",\"name\":\"Nathalie Test0 - Jean-Bernard Boichat\",\"isPartOf\":{\"@id\":\"https:\/\/www.boichat.ch\/wordpress\/#website\"},\"datePublished\":\"2021-09-15T07:01:26+00:00\",\"dateModified\":\"2021-09-15T07:17:55+00:00\",\"breadcrumb\":{\"@id\":\"https:\/\/www.boichat.ch\/wordpress\/nathtestori\/#breadcrumb\"},\"inLanguage\":\"fr-FR\"},{\"@type\":\"WebSite\",\"@id\":\"https:\/\/www.boichat.ch\/wordpress\/#website\",\"url\":\"https:\/\/www.boichat.ch\/wordpress\/\",\"name\":\"Jean-Bernard Boichat\",\"description\":\"Mon site WordPress\",\"publisher\":{\"@id\":\"https:\/\/www.boichat.ch\/wordpress\/#\/schema\/person\/fe6328cc5b74b8a6e8d841285a928751\"},\"potentialAction\":[{\"@type\":\"SearchAction\",\"target\":{\"@type\":\"EntryPoint\",\"urlTemplate\":\"https:\/\/www.boichat.ch\/wordpress\/?s={search_term_string}\"},\"query-input\":\"required name=search_term_string\"}],\"inLanguage\":\"fr-FR\"}]}<\/script>\n<!-- \/ Yoast SEO plugin. -->","yoast_head_json":{"title":"Nathalie Test0 - Jean-Bernard Boichat","description":"Site de Jean-Bernard Boichat consacr\u00e9 principalement \u00e0 Wordpress, Elementor, l'impression 3D, l'\u00e9lectricit\u00e9, les installations photovolta\u00efques et la voiture \u00e9lectrique.","robots":{"index":"index","follow":"follow","max-snippet":"max-snippet:-1","max-image-preview":"max-image-preview:large","max-video-preview":"max-video-preview:-1"},"canonical":"https:\/\/www.boichat.ch\/wordpress\/nathtestori\/","og_locale":"fr_FR","og_type":"article","og_title":"Nathalie Test0 - Jean-Bernard Boichat","og_description":"Site de Jean-Bernard Boichat consacr\u00e9 principalement \u00e0 Wordpress, Elementor, l'impression 3D, l'\u00e9lectricit\u00e9, les installations photovolta\u00efques et la voiture \u00e9lectrique.","og_url":"https:\/\/www.boichat.ch\/wordpress\/nathtestori\/","og_site_name":"Jean-Bernard Boichat","article_modified_time":"2021-09-15T07:17:55+00:00","twitter_card":"summary_large_image","schema":{"@context":"https:\/\/schema.org","@graph":[{"@type":"WebPage","@id":"https:\/\/www.boichat.ch\/wordpress\/nathtestori\/","url":"https:\/\/www.boichat.ch\/wordpress\/nathtestori\/","name":"Nathalie Test0 - Jean-Bernard Boichat","isPartOf":{"@id":"https:\/\/www.boichat.ch\/wordpress\/#website"},"datePublished":"2021-09-15T07:01:26+00:00","dateModified":"2021-09-15T07:17:55+00:00","breadcrumb":{"@id":"https:\/\/www.boichat.ch\/wordpress\/nathtestori\/#breadcrumb"},"inLanguage":"fr-FR"},{"@type":"WebSite","@id":"https:\/\/www.boichat.ch\/wordpress\/#website","url":"https:\/\/www.boichat.ch\/wordpress\/","name":"Jean-Bernard Boichat","description":"Mon site WordPress","publisher":{"@id":"https:\/\/www.boichat.ch\/wordpress\/#\/schema\/person\/fe6328cc5b74b8a6e8d841285a928751"},"potentialAction":[{"@type":"SearchAction","target":{"@type":"EntryPoint","urlTemplate":"https:\/\/www.boichat.ch\/wordpress\/?s={search_term_string}"},"query-input":"required name=search_term_string"}],"inLanguage":"fr-FR"}]}},"_links":{"self":[{"href":"https:\/\/www.boichat.ch\/wordpress\/wp-json\/wp\/v2\/pages\/4322"}],"collection":[{"href":"https:\/\/www.boichat.ch\/wordpress\/wp-json\/wp\/v2\/pages"}],"about":[{"href":"https:\/\/www.boichat.ch\/wordpress\/wp-json\/wp\/v2\/types\/page"}],"author":[{"embeddable":true,"href":"https:\/\/www.boichat.ch\/wordpress\/wp-json\/wp\/v2\/users\/1"}],"replies":[{"embeddable":true,"href":"https:\/\/www.boichat.ch\/wordpress\/wp-json\/wp\/v2\/comments?post=4322"}],"version-history":[{"count":0,"href":"https:\/\/www.boichat.ch\/wordpress\/wp-json\/wp\/v2\/pages\/4322\/revisions"}],"wp:attachment":[{"href":"https:\/\/www.boichat.ch\/wordpress\/wp-json\/wp\/v2\/media?parent=4322"}],"curies":[{"name":"wp","href":"https:\/\/api.w.org\/{rel}","templated":true}]}}