{"id":9385,"date":"2024-05-01T18:04:57","date_gmt":"2024-05-01T16:04:57","guid":{"rendered":"https:\/\/www.boichat.ch\/wordpress\/?page_id=9385"},"modified":"2025-12-22T09:11:26","modified_gmt":"2025-12-22T08:11:26","slug":"mes-sites-web","status":"publish","type":"page","link":"https:\/\/www.boichat.ch\/wordpress\/mes-sites-web\/","title":{"rendered":"Mes sites Web et mes articles &#8211; Boichat Jean-Bernard"},"content":{"rendered":"\t\t<div data-elementor-type=\"wp-page\" data-elementor-id=\"9385\" class=\"elementor elementor-9385\">\n\t\t\t\t\t\t\t<div class=\"elementor-element elementor-element-d26a6b1 e-flex e-con-boxed e-con e-parent\" data-id=\"d26a6b1\" data-element_type=\"container\" data-settings=\"{&quot;background_background&quot;:&quot;classic&quot;,&quot;content_width&quot;:&quot;boxed&quot;}\" data-core-v316-plus=\"true\">\n\t\t\t\t\t<div class=\"e-con-inner\">\n\t\t\t\t<div class=\"elementor-element elementor-element-64f0c79 elementor-widget elementor-widget-spacer\" data-id=\"64f0c79\" data-element_type=\"widget\" data-widget_type=\"spacer.default\">\n\t\t\t\t<div class=\"elementor-widget-container\">\n\t\t\t\t\t<div class=\"elementor-spacer\">\n\t\t\t<div class=\"elementor-spacer-inner\"><\/div>\n\t\t<\/div>\n\t\t\t\t<\/div>\n\t\t\t\t<\/div>\n\t\t\t\t<div class=\"elementor-element elementor-element-97802da elementor-widget elementor-widget-text-editor\" data-id=\"97802da\" data-element_type=\"widget\" data-widget_type=\"text-editor.default\">\n\t\t\t\t<div class=\"elementor-widget-container\">\n\t\t\t\t\t\t\t<p style=\"text-align: center;\"><span style=\"font-size: 24px;\"><strong>Mes sites Web et mes articles<br \/><span style=\"font-size: 30px;\">Boichat-Jean-Bernard<\/span><br \/><span style=\"font-size: 20px;\">Belfaux &#8211; Suisse<\/span><br \/><\/strong><\/span><\/p>\t\t\t\t\t\t<\/div>\n\t\t\t\t<\/div>\n\t\t\t\t\t<\/div>\n\t\t\t\t<\/div>\n\t\t<div class=\"elementor-element elementor-element-6f0b678 e-flex e-con-boxed e-con e-parent\" data-id=\"6f0b678\" data-element_type=\"container\" data-settings=\"{&quot;background_background&quot;:&quot;classic&quot;,&quot;content_width&quot;:&quot;boxed&quot;}\" data-core-v316-plus=\"true\">\n\t\t\t\t\t<div class=\"e-con-inner\">\n\t\t\t\t<div class=\"elementor-element elementor-element-1efd916 elementor-widget__width-initial elementor-widget elementor-widget-video\" data-id=\"1efd916\" data-element_type=\"widget\" data-settings=\"{&quot;youtube_url&quot;:&quot;https:\\\/\\\/www.youtube.com\\\/watch?v=AUwHOTMuBK0&quot;,&quot;loop&quot;:&quot;yes&quot;,&quot;video_type&quot;:&quot;youtube&quot;,&quot;controls&quot;:&quot;yes&quot;}\" data-widget_type=\"video.default\">\n\t\t\t\t<div class=\"elementor-widget-container\">\n\t\t\t\t\t<div class=\"elementor-wrapper elementor-open-inline\">\n\t\t\t<div class=\"elementor-video\"><\/div>\t\t<\/div>\n\t\t\t\t<\/div>\n\t\t\t\t<\/div>\n\t\t\t\t\t<\/div>\n\t\t\t\t<\/div>\n\t\t<div class=\"elementor-element elementor-element-9e10053 elementor-hidden-desktop e-flex e-con-boxed e-con e-parent\" data-id=\"9e10053\" data-element_type=\"container\" data-settings=\"{&quot;background_background&quot;:&quot;classic&quot;,&quot;content_width&quot;:&quot;boxed&quot;}\" data-core-v316-plus=\"true\">\n\t\t\t\t\t<div class=\"e-con-inner\">\n\t\t<div class=\"elementor-element elementor-element-a39f73c e-flex e-con-boxed e-con e-child\" data-id=\"a39f73c\" data-element_type=\"container\" data-settings=\"{&quot;content_width&quot;:&quot;boxed&quot;}\">\n\t\t\t\t\t<div class=\"e-con-inner\">\n\t\t\t\t<div class=\"elementor-element elementor-element-962964e elementor-widget elementor-widget-spacer\" data-id=\"962964e\" data-element_type=\"widget\" data-widget_type=\"spacer.default\">\n\t\t\t\t<div class=\"elementor-widget-container\">\n\t\t\t\t\t<div class=\"elementor-spacer\">\n\t\t\t<div class=\"elementor-spacer-inner\"><\/div>\n\t\t<\/div>\n\t\t\t\t<\/div>\n\t\t\t\t<\/div>\n\t\t\t\t<div class=\"elementor-element elementor-element-e232f33 elementor-widget elementor-widget-text-editor\" data-id=\"e232f33\" data-element_type=\"widget\" data-widget_type=\"text-editor.default\">\n\t\t\t\t<div class=\"elementor-widget-container\">\n\t\t\t\t\t\t\t<p style=\"text-align: center;\"><span style=\"font-size: 28px;\"><strong><a href=\"https:\/\/www.boichat.ch\/wordpress\/\" target=\"_blank\" rel=\"noopener\"><span style=\"font-size: 23px;\"><span style=\"font-size: 25px;\">Site WordPress\/Elementor<\/span><\/span><\/a><\/strong><\/span><br \/><span style=\"font-size: 25px;\"><strong><a href=\"https:\/\/www.boichat.ch\/wpjrsp\/\" target=\"_blank\" rel=\"noopener\">Mon dernier livre<\/a><\/strong>\u00a0<\/span><br \/><span style=\"font-size: 25px;\"><strong><a href=\"https:\/\/www.boichat.ch\/joomla\/\" target=\"_blank\" rel=\"noopener\">Site Joomla<\/a><\/strong><\/span><\/p>\t\t\t\t\t\t<\/div>\n\t\t\t\t<\/div>\n\t\t\t\t\t<\/div>\n\t\t\t\t<\/div>\n\t\t\t\t\t<\/div>\n\t\t\t\t<\/div>\n\t\t<div class=\"elementor-element elementor-element-43463e5 elementor-hidden-tablet elementor-hidden-mobile e-flex e-con-boxed e-con e-parent\" data-id=\"43463e5\" data-element_type=\"container\" data-settings=\"{&quot;background_background&quot;:&quot;classic&quot;,&quot;content_width&quot;:&quot;boxed&quot;}\" data-core-v316-plus=\"true\">\n\t\t\t\t\t<div class=\"e-con-inner\">\n\t\t<div class=\"elementor-element elementor-element-96722c1 e-flex e-con-boxed e-con e-child\" data-id=\"96722c1\" data-element_type=\"container\" data-settings=\"{&quot;content_width&quot;:&quot;boxed&quot;}\">\n\t\t\t\t\t<div class=\"e-con-inner\">\n\t\t\t\t<div class=\"elementor-element elementor-element-9d2b669 elementor-widget elementor-widget-spacer\" data-id=\"9d2b669\" data-element_type=\"widget\" data-widget_type=\"spacer.default\">\n\t\t\t\t<div class=\"elementor-widget-container\">\n\t\t\t\t\t<div class=\"elementor-spacer\">\n\t\t\t<div class=\"elementor-spacer-inner\"><\/div>\n\t\t<\/div>\n\t\t\t\t<\/div>\n\t\t\t\t<\/div>\n\t\t\t\t<div class=\"elementor-element elementor-element-ea19a3c elementor-widget elementor-widget-text-editor\" data-id=\"ea19a3c\" data-element_type=\"widget\" data-widget_type=\"text-editor.default\">\n\t\t\t\t<div class=\"elementor-widget-container\">\n\t\t\t\t\t\t\t<p style=\"text-align: center;\"><span style=\"font-size: 26px; color: #993300;\"><strong><a style=\"color: #993300;\" href=\"https:\/\/www.boichat.ch\/wordpress\/\" target=\"_blank\" rel=\"noopener\">Site WordPress\/Elementor<\/a>&nbsp; &nbsp; &nbsp;&nbsp;<\/strong> &nbsp;<strong><a style=\"color: #993300;\" href=\"https:\/\/www.boichat.ch\/wpjrsp\/\" target=\"_blank\" rel=\"noopener\">Mon dernier livre<\/a><\/strong> &nbsp;&nbsp; &nbsp;&nbsp; &nbsp;<strong><a style=\"color: #993300;\" href=\"https:\/\/www.boichat.ch\/joomla\/\" target=\"_blank\" rel=\"noopener\">Site Joomla<\/a><\/strong><\/span><\/p>\t\t\t\t\t\t<\/div>\n\t\t\t\t<\/div>\n\t\t\t\t\t<\/div>\n\t\t\t\t<\/div>\n\t\t\t\t\t<\/div>\n\t\t\t\t<\/div>\n\t\t<div class=\"elementor-element elementor-element-0522cc7 e-flex e-con-boxed e-con e-parent\" data-id=\"0522cc7\" data-element_type=\"container\" data-settings=\"{&quot;background_background&quot;:&quot;classic&quot;,&quot;content_width&quot;:&quot;boxed&quot;}\" data-core-v316-plus=\"true\">\n\t\t\t\t\t<div class=\"e-con-inner\">\n\t\t<div class=\"elementor-element elementor-element-8b7e31a e-flex e-con-boxed e-con e-child\" data-id=\"8b7e31a\" data-element_type=\"container\" data-settings=\"{&quot;content_width&quot;:&quot;boxed&quot;}\">\n\t\t\t\t\t<div class=\"e-con-inner\">\n\t\t\t\t<div class=\"elementor-element elementor-element-ea79e56 elementor-widget elementor-widget-spacer\" data-id=\"ea79e56\" data-element_type=\"widget\" data-widget_type=\"spacer.default\">\n\t\t\t\t<div class=\"elementor-widget-container\">\n\t\t\t\t\t<div class=\"elementor-spacer\">\n\t\t\t<div class=\"elementor-spacer-inner\"><\/div>\n\t\t<\/div>\n\t\t\t\t<\/div>\n\t\t\t\t<\/div>\n\t\t\t\t<div class=\"elementor-element elementor-element-b0f7db1 elementor-widget elementor-widget-text-editor\" data-id=\"b0f7db1\" data-element_type=\"widget\" data-widget_type=\"text-editor.default\">\n\t\t\t\t<div class=\"elementor-widget-container\">\n\t\t\t\t\t\t\t<p style=\"text-align: center;\"><strong><span style=\"font-size: 18px;\">Exemples d&#8217;articles:<\/span><\/strong><\/p>\n<p style=\"text-align: center;\"><a href=\"https:\/\/www.boichat.ch\/wordpress\/2025\/04\/14\/robot-tondeuse-navimow-i108e-i105e\/\" target=\"_blank\" rel=\"noopener\"><strong><span style=\"font-size: 20px;\">Robot tondeuse Navimow i108E (i105E)<\/span><\/strong><\/a><\/p>\n<p style=\"text-align: center;\"><span style=\"font-size: 20px;\"><strong><a href=\"https:\/\/www.boichat.ch\/wordpress\/2023\/11\/27\/comment-regler-sa-pompe-a-chaleur-pour-une-consommation-optimale-delectricite\/\" target=\"_blank\" rel=\"noopener\">R\u00e9gler sa PAC pour une consommation optimale<\/a><\/strong><\/span><\/p>\n<p style=\"text-align: center;\"><span style=\"font-size: 20px;\"><a href=\"https:\/\/www.boichat.ch\/wordpress\/2021\/05\/05\/un-tuto-blender-super-rapide-pour-impression-3d\/\" target=\"_blank\" rel=\"noopener\">Un Tuto Blender super rapide pour impression 3D<\/a><\/span><\/p>\n<p style=\"text-align: center;\"><span style=\"font-size: 18px;\"><a href=\"https:\/\/www.boichat.ch\/joomla\/index.php?option=com_content&amp;view=article&amp;id=132:un-tutoriel-sur-l-esp32-un-thermometre-digital&amp;catid=92&amp;Itemid=503\" target=\"_blank\" rel=\"noopener\">ESP32 tutoriel &#8211; Un thermom\u00e8tre digital<\/a>\u00a0voire <a href=\"https:\/\/www.boichat.ch\/wordpress\/2024\/09\/18\/raspberry-pi-5\/\" target=\"_blank\" rel=\"noopener\">Raspberry Pi 5 avec Java et Python<\/a><\/span><\/p>\t\t\t\t\t\t<\/div>\n\t\t\t\t<\/div>\n\t\t\t\t\t<\/div>\n\t\t\t\t<\/div>\n\t\t\t\t\t<\/div>\n\t\t\t\t<\/div>\n\t\t\t\t\t\t\t<\/div>\n\t\t","protected":false},"excerpt":{"rendered":"<p>Mes sites Web et mes articlesBoichat-Jean-BernardBelfaux &#8211; Suisse https:\/\/www.youtube.com\/watch?v=AUwHOTMuBK0 Site WordPress\/ElementorMon dernier livre\u00a0Site Joomla Site WordPress\/Elementor&nbsp; &nbsp; &nbsp;&nbsp; &nbsp;Mon dernier livre &nbsp;&nbsp; &nbsp;&nbsp; &nbsp;Site Joomla&hellip;<\/p>\n","protected":false},"author":1,"featured_media":0,"parent":0,"menu_order":0,"comment_status":"closed","ping_status":"closed","template":"elementor_canvas","meta":{"om_disable_all_campaigns":false,"ngg_post_thumbnail":0,"footnotes":""},"acf":[],"yoast_head":"<!-- This site is optimized with the Yoast SEO plugin v21.6 - https:\/\/yoast.com\/wordpress\/plugins\/seo\/ -->\n<title>Mes sites Web et mes articles - Boichat Jean-Bernard - Jean-Bernard Boichat<\/title>\n<meta name=\"description\" content=\"Sites de Jean-Bernard Boichat consacr\u00e9s principalement \u00e0 Wordpress, Elementor, Joomla, le Raspberry Pi, les ESP32 ou ESP8266, la programmation Java et Python, l&#039;impression 3D, l&#039;\u00e9lectricit\u00e9, le chauffage, les installations photovolta\u00efques et la voiture \u00e9lectrique.\" \/>\n<meta name=\"robots\" content=\"index, follow, max-snippet:-1, max-image-preview:large, max-video-preview:-1\" \/>\n<link rel=\"canonical\" href=\"https:\/\/www.boichat.ch\/wordpress\/mes-sites-web\/\" \/>\n<meta property=\"og:locale\" content=\"fr_FR\" \/>\n<meta property=\"og:type\" content=\"article\" \/>\n<meta property=\"og:title\" content=\"Mes sites Web et mes articles - Boichat Jean-Bernard - Jean-Bernard Boichat\" \/>\n<meta property=\"og:description\" content=\"Sites de Jean-Bernard Boichat consacr\u00e9s principalement \u00e0 Wordpress, Elementor, Joomla, le Raspberry Pi, les ESP32 ou ESP8266, la programmation Java et Python, l&#039;impression 3D, l&#039;\u00e9lectricit\u00e9, le chauffage, les installations photovolta\u00efques et la voiture \u00e9lectrique.\" \/>\n<meta property=\"og:url\" content=\"https:\/\/www.boichat.ch\/wordpress\/mes-sites-web\/\" \/>\n<meta property=\"og:site_name\" content=\"Jean-Bernard Boichat\" \/>\n<meta property=\"article:modified_time\" content=\"2025-12-22T08:11:26+00:00\" \/>\n<meta name=\"twitter:card\" content=\"summary_large_image\" \/>\n<meta name=\"twitter:label1\" content=\"Dur\u00e9e de lecture estim\u00e9e\" \/>\n\t<meta name=\"twitter:data1\" content=\"1 minute\" \/>\n<script type=\"application\/ld+json\" class=\"yoast-schema-graph\">{\"@context\":\"https:\/\/schema.org\",\"@graph\":[{\"@type\":\"WebPage\",\"@id\":\"https:\/\/www.boichat.ch\/wordpress\/mes-sites-web\/\",\"url\":\"https:\/\/www.boichat.ch\/wordpress\/mes-sites-web\/\",\"name\":\"Mes sites Web et mes articles - Boichat Jean-Bernard - Jean-Bernard Boichat\",\"isPartOf\":{\"@id\":\"https:\/\/www.boichat.ch\/wordpress\/#website\"},\"datePublished\":\"2024-05-01T16:04:57+00:00\",\"dateModified\":\"2025-12-22T08:11:26+00:00\",\"description\":\"Sites de Jean-Bernard Boichat consacr\u00e9s principalement \u00e0 Wordpress, Elementor, Joomla, le Raspberry Pi, les ESP32 ou ESP8266, la programmation Java et Python, l'impression 3D, l'\u00e9lectricit\u00e9, le chauffage, les installations photovolta\u00efques et la voiture \u00e9lectrique.\",\"breadcrumb\":{\"@id\":\"https:\/\/www.boichat.ch\/wordpress\/mes-sites-web\/#breadcrumb\"},\"inLanguage\":\"fr-FR\",\"potentialAction\":[{\"@type\":\"ReadAction\",\"target\":[\"https:\/\/www.boichat.ch\/wordpress\/mes-sites-web\/\"]}]},{\"@type\":\"BreadcrumbList\",\"@id\":\"https:\/\/www.boichat.ch\/wordpress\/mes-sites-web\/#breadcrumb\",\"itemListElement\":[{\"@type\":\"ListItem\",\"position\":1,\"name\":\"Accueil\",\"item\":\"https:\/\/www.boichat.ch\/wordpress\/\"},{\"@type\":\"ListItem\",\"position\":2,\"name\":\"Mes sites Web et mes articles &#8211; Boichat Jean-Bernard\"}]},{\"@type\":\"WebSite\",\"@id\":\"https:\/\/www.boichat.ch\/wordpress\/#website\",\"url\":\"https:\/\/www.boichat.ch\/wordpress\/\",\"name\":\"Jean-Bernard Boichat\",\"description\":\"Mon site WordPress\",\"publisher\":{\"@id\":\"https:\/\/www.boichat.ch\/wordpress\/#\/schema\/person\/fe6328cc5b74b8a6e8d841285a928751\"},\"potentialAction\":[{\"@type\":\"SearchAction\",\"target\":{\"@type\":\"EntryPoint\",\"urlTemplate\":\"https:\/\/www.boichat.ch\/wordpress\/?s={search_term_string}\"},\"query-input\":\"required name=search_term_string\"}],\"inLanguage\":\"fr-FR\"},{\"@type\":[\"Person\",\"Organization\"],\"@id\":\"https:\/\/www.boichat.ch\/wordpress\/#\/schema\/person\/fe6328cc5b74b8a6e8d841285a928751\",\"name\":\"Jean-Bernard Boichat\",\"image\":{\"@type\":\"ImageObject\",\"inLanguage\":\"fr-FR\",\"@id\":\"https:\/\/www.boichat.ch\/wordpress\/#\/schema\/person\/image\/\",\"url\":\"https:\/\/secure.gravatar.com\/avatar\/862886ce35a52b9d13595e18ac3c3ea5?s=96&d=mm&r=g\",\"contentUrl\":\"https:\/\/secure.gravatar.com\/avatar\/862886ce35a52b9d13595e18ac3c3ea5?s=96&d=mm&r=g\",\"caption\":\"Jean-Bernard Boichat\"},\"logo\":{\"@id\":\"https:\/\/www.boichat.ch\/wordpress\/#\/schema\/person\/image\/\"}}]}<\/script>\n<!-- \/ Yoast SEO plugin. -->","yoast_head_json":{"title":"Mes sites Web et mes articles - Boichat Jean-Bernard - Jean-Bernard Boichat","description":"Sites de Jean-Bernard Boichat consacr\u00e9s principalement \u00e0 Wordpress, Elementor, Joomla, le Raspberry Pi, les ESP32 ou ESP8266, la programmation Java et Python, l'impression 3D, l'\u00e9lectricit\u00e9, le chauffage, les installations photovolta\u00efques et la voiture \u00e9lectrique.","robots":{"index":"index","follow":"follow","max-snippet":"max-snippet:-1","max-image-preview":"max-image-preview:large","max-video-preview":"max-video-preview:-1"},"canonical":"https:\/\/www.boichat.ch\/wordpress\/mes-sites-web\/","og_locale":"fr_FR","og_type":"article","og_title":"Mes sites Web et mes articles - Boichat Jean-Bernard - Jean-Bernard Boichat","og_description":"Sites de Jean-Bernard Boichat consacr\u00e9s principalement \u00e0 Wordpress, Elementor, Joomla, le Raspberry Pi, les ESP32 ou ESP8266, la programmation Java et Python, l'impression 3D, l'\u00e9lectricit\u00e9, le chauffage, les installations photovolta\u00efques et la voiture \u00e9lectrique.","og_url":"https:\/\/www.boichat.ch\/wordpress\/mes-sites-web\/","og_site_name":"Jean-Bernard Boichat","article_modified_time":"2025-12-22T08:11:26+00:00","twitter_card":"summary_large_image","twitter_misc":{"Dur\u00e9e de lecture estim\u00e9e":"1 minute"},"schema":{"@context":"https:\/\/schema.org","@graph":[{"@type":"WebPage","@id":"https:\/\/www.boichat.ch\/wordpress\/mes-sites-web\/","url":"https:\/\/www.boichat.ch\/wordpress\/mes-sites-web\/","name":"Mes sites Web et mes articles - Boichat Jean-Bernard - Jean-Bernard Boichat","isPartOf":{"@id":"https:\/\/www.boichat.ch\/wordpress\/#website"},"datePublished":"2024-05-01T16:04:57+00:00","dateModified":"2025-12-22T08:11:26+00:00","description":"Sites de Jean-Bernard Boichat consacr\u00e9s principalement \u00e0 Wordpress, Elementor, Joomla, le Raspberry Pi, les ESP32 ou ESP8266, la programmation Java et Python, l'impression 3D, l'\u00e9lectricit\u00e9, le chauffage, les installations photovolta\u00efques et la voiture \u00e9lectrique.","breadcrumb":{"@id":"https:\/\/www.boichat.ch\/wordpress\/mes-sites-web\/#breadcrumb"},"inLanguage":"fr-FR","potentialAction":[{"@type":"ReadAction","target":["https:\/\/www.boichat.ch\/wordpress\/mes-sites-web\/"]}]},{"@type":"BreadcrumbList","@id":"https:\/\/www.boichat.ch\/wordpress\/mes-sites-web\/#breadcrumb","itemListElement":[{"@type":"ListItem","position":1,"name":"Accueil","item":"https:\/\/www.boichat.ch\/wordpress\/"},{"@type":"ListItem","position":2,"name":"Mes sites Web et mes articles &#8211; Boichat Jean-Bernard"}]},{"@type":"WebSite","@id":"https:\/\/www.boichat.ch\/wordpress\/#website","url":"https:\/\/www.boichat.ch\/wordpress\/","name":"Jean-Bernard Boichat","description":"Mon site WordPress","publisher":{"@id":"https:\/\/www.boichat.ch\/wordpress\/#\/schema\/person\/fe6328cc5b74b8a6e8d841285a928751"},"potentialAction":[{"@type":"SearchAction","target":{"@type":"EntryPoint","urlTemplate":"https:\/\/www.boichat.ch\/wordpress\/?s={search_term_string}"},"query-input":"required name=search_term_string"}],"inLanguage":"fr-FR"},{"@type":["Person","Organization"],"@id":"https:\/\/www.boichat.ch\/wordpress\/#\/schema\/person\/fe6328cc5b74b8a6e8d841285a928751","name":"Jean-Bernard Boichat","image":{"@type":"ImageObject","inLanguage":"fr-FR","@id":"https:\/\/www.boichat.ch\/wordpress\/#\/schema\/person\/image\/","url":"https:\/\/secure.gravatar.com\/avatar\/862886ce35a52b9d13595e18ac3c3ea5?s=96&d=mm&r=g","contentUrl":"https:\/\/secure.gravatar.com\/avatar\/862886ce35a52b9d13595e18ac3c3ea5?s=96&d=mm&r=g","caption":"Jean-Bernard Boichat"},"logo":{"@id":"https:\/\/www.boichat.ch\/wordpress\/#\/schema\/person\/image\/"}}]}},"_links":{"self":[{"href":"https:\/\/www.boichat.ch\/wordpress\/wp-json\/wp\/v2\/pages\/9385"}],"collection":[{"href":"https:\/\/www.boichat.ch\/wordpress\/wp-json\/wp\/v2\/pages"}],"about":[{"href":"https:\/\/www.boichat.ch\/wordpress\/wp-json\/wp\/v2\/types\/page"}],"author":[{"embeddable":true,"href":"https:\/\/www.boichat.ch\/wordpress\/wp-json\/wp\/v2\/users\/1"}],"replies":[{"embeddable":true,"href":"https:\/\/www.boichat.ch\/wordpress\/wp-json\/wp\/v2\/comments?post=9385"}],"version-history":[{"count":0,"href":"https:\/\/www.boichat.ch\/wordpress\/wp-json\/wp\/v2\/pages\/9385\/revisions"}],"wp:attachment":[{"href":"https:\/\/www.boichat.ch\/wordpress\/wp-json\/wp\/v2\/media?parent=9385"}],"curies":[{"name":"wp","href":"https:\/\/api.w.org\/{rel}","templated":true}]}}