{"id":1447,"date":"2019-05-04T15:21:40","date_gmt":"2019-05-04T13:21:40","guid":{"rendered":"http:\/\/www.boichat.ch\/wpjrsp\/?page_id=1447"},"modified":"2020-03-20T09:00:21","modified_gmt":"2020-03-20T08:00:21","slug":"errata","status":"publish","type":"page","link":"https:\/\/www.boichat.ch\/wpjrsp\/errata\/","title":{"rendered":"Errata"},"content":{"rendered":"<h1>Erreurs, corrections et adaptations<\/h1>\n<p><strong><em>Date de la derni\u00e8re modification: 20 mars 2020<\/em><\/strong><\/p>\n<h2>Introduction<\/h2>\n<p><em><strong>Vu la popularit\u00e9 continuellement grandissante du Raspberry Pi, des derni\u00e8res retouches du livre faites en d\u00e9cembre 2018, de l&rsquo;apparition du Pi 4 et de Raspbian Buster en fin juin 2019, il est difficile de maintenir un contenu qui pourrait presque \u00e9volu\u00e9 chaque semaine. <\/strong><\/em><\/p>\n<p><em><strong>Je fais donc mon possible pour satisfaire le lecteur.<br><\/strong><\/em><em><strong> ***&nbsp;<\/strong><\/em><strong>Les corrections des pages 187 et 41 sont importantes. ***<\/strong><\/p>\n<p><em><strong>J&rsquo;ai constat\u00e9 que certains lecteurs n&rsquo;aiment pas trop suivre \u00e0 la lettre les instructions du livre. C&rsquo;est leur droit et leurs risques \u00e9videmment d&rsquo;installer d&rsquo;autres versions.&nbsp;<\/strong><\/em><\/p>\n<p><em><strong> L&rsquo;article <a href=\"https:\/\/www.boichat.ch\/wpjrsp\/2019\/06\/30\/quest-ce-qui-change-avec-le-raspberry-pi-4\/\" target=\"_blank\" rel=\"noopener noreferrer\">Qu&rsquo;est-ce qui change avec le Raspberry Pi 4<\/a>&nbsp;devrait \u00eatre consult\u00e9 et <a href=\"https:\/\/www.boichat.ch\/wpjrsp\/2019\/06\/30\/reinstaller-un-raspberry-pi-3-avec-raspbian-buster\/\" target=\"_blank\" rel=\"noopener noreferrer\">R\u00e9installer un Raspberry Pi 3 avec Raspbian Buster<\/a> donne quelques id\u00e9es et instructions.<\/strong><\/em><\/p>\n<h2>Corrections et adaptations<\/h2>\n<p><em><strong>Chapitre 1<\/strong><\/em><\/p>\n<p>Ce n&rsquo;est qu&rsquo;un juin 2019 que j&rsquo;ai remarqu\u00e9 cette faute en v\u00e9rifiant une installation de la derni\u00e8re version d&rsquo;Eclipse et d&rsquo;une version plus r\u00e9cente du JDK pour le Raspian Buster. Je rappelle qu&rsquo;il reste pr\u00e9f\u00e9rable pour le livre de rester avec les Eclipse et Raspbian conseill\u00e9s.<\/p>\n<p>Si un lecteur n&rsquo;arrive pas \u00e0 d\u00e9marrer Eclipse et qu&rsquo;un message indiquant qu&rsquo;il n&rsquo;y a pas de machine virtuelle Java install\u00e9e, c&rsquo;est sans doute le cas qu&rsquo;il n&rsquo;a jamais utilis\u00e9 Java sur son PC, et que ce dernier peut \u00eatre aussi tout neuf!<\/p>\n<p>Les commandes de la figure 1-12 (page 12) nous indiqueraient aussi le probl\u00e8me. Il faudrait donc modifier le PATH comme indiqu\u00e9 en bas de page 11, et ceci avant un premier d\u00e9marrage d&rsquo;Eclipse (page 6). Ce dernier est une application principalement \u00e9crite en Java.<\/p>\n<p>Pour une prochaine \u00e9dition, il faudrait:<\/p>\n<ul>\n<li>D\u00e9placer Compilation et ex\u00e9cution sans Eclipse de la page 11 et 12, avant la page 6.<\/li>\n<li>Il faudrait indiquer comment Eclipse et ses projets Java acc\u00e8dent au r\u00e9pertoire du JDK choisi (PATH de Windows ou configuration) et comment faire les adaptations.<\/li>\n<li>Dans la figure 1-9 de la page 7, sous Use an execution environment JRE, nous voyons un Java-SE1.8. Ceci est en fait d\u00e9terminer par le PATH de Windows qui doit \u00eatre d\u00e9fini (donc bas de page 11).<\/li>\n<li>Il faudrait aussi indiquer comment installer un JDK sp\u00e9cifique \u00e0 nos projets, voire en utiliser plusieurs.&nbsp;L&rsquo;auteur avait choisi la simplicit\u00e9, c&rsquo;est normal et plus accessible aux d\u00e9butants.<\/li>\n<\/ul>\n<p><em><strong>Page 3<\/strong><\/em> (merci \u00e0 Bertrand Roussel)<\/p>\n<p>La phrase:<br>Nous avons t\u00e9l\u00e9charg\u00e9 la version Windows <em>64bits jdk-8u161-windows-x64.exe<\/em> apr\u00e8s avoir accept\u00e9 l&rsquo;accord de licence.<br><strong style=\"font-size: inherit;\">Serait mieux ainsi:<br><\/strong>Pour la pr\u00e9paration du livre, l&rsquo;auteur a t\u00e9l\u00e9charg\u00e9 la version Windows <em>64bits jdk-8u161-windows-x64.exe<\/em>&nbsp;et ceci apr\u00e8s avoir accept\u00e9 l&rsquo;accord de licence en cochant la case&nbsp;<em>Accept License Agreement<\/em>. La version 161 \u00e9tait d\u00e9j\u00e0 pass\u00e9 de 161 \u00e0 212 en avril 2019.<\/p>\n<p><strong>!!! Apr\u00e8s la sortie du livre, en avril 2016, Oracle a modifi\u00e9 sa politique de licence, et <em>il faut \u00e0 pr\u00e9sent cr\u00e9er un compte<\/em>. Je devrais d\u00e9crire cette partie en d\u00e9tails. Il faut absolument rester avec Java 8 d&rsquo;Oracle qui est support\u00e9 sur le Raspberry Pi !!!<\/strong><\/p>\n<p>Je dois encore mettre \u00e0 jour ce qui suit, mais j&rsquo;indiquerai d\u00e9j\u00e0 que j&rsquo;ai pu recevoir l&rsquo;exe mentionn\u00e9 (j&rsquo;ai pris le jdk-8u211-windows-x64.exe) et continuer comme indiqu\u00e9 dans le livre: <em>Je pense qu&rsquo;il n&rsquo;y a aucun souci de s&rsquo;inscrire avec son adresse email et de sp\u00e9cifier un mot de passe suffisamment simple et solide avec des lettres minuscules et majuscules, quelques chiffres et un caract\u00e8re sp\u00e9cifique comme un point par exemple. Oracle ne va pas demander de d\u00e9tails confidentiels et personnels.<\/em><\/p>\n<p><em><strong>Page 41 (<\/strong><\/em>merci \u00e0&nbsp;Emmanuel NIATI<em><strong>)<\/strong><\/em><\/p>\n<p>En juin 2019, les Raspberry Pi 4 sont arriv\u00e9s et avec un nouvelle version de Raspbian, Buster. Ce syst\u00e8me d&rsquo;exploitation est n\u00e9cessaire pour les Pi 4, mais sont aussi utilisables pour les Raspberry Pi 3.&nbsp; Les deux documents mentionn\u00e9s ci-dessus dans l&rsquo;introduction peuvent \u00eatre consult\u00e9s.<\/p>\n<p><strong>Pour rester le plus proche du livre, il est VRAIMENT conseill\u00e9, dans un premier temps de rester avec la version Stretch.<\/strong><\/p>\n<p>En fin de page 41, nous avons deux r\u00e9f\u00e9rences:<br>https:\/\/raspbian-france.fr\/telechargements\/<br>et<br>https:\/\/www.raspberrypi.org\/downloads\/raspbian\/.<\/p>\n<p>La seconde donne \u00e0 pr\u00e9sent, depuis juin 2019, une r\u00e9f\u00e9rence \u00e0 Buster et non \u00e0 Stretch. La premi\u00e8re r\u00e9f\u00e9rence raspbian-france risque de changer.<\/p>\n<p>Le lien URL a utiliser \u00e0 pr\u00e9sent pour ce livre est<br><a href=\"http:\/\/downloads.raspberrypi.org\/raspbian\/images\/\" target=\"_blank\" rel=\"noopener noreferrer\">http:\/\/downloads.raspberrypi.org\/raspbian\/images\/<\/a><br>et le r\u00e9pertoire<br><a href=\"http:\/\/downloads.raspberrypi.org\/raspbian\/images\/raspbian-2018-03-14\/\" target=\"_blank\" rel=\"noopener noreferrer\">http:\/\/downloads.raspberrypi.org\/raspbian\/images\/raspbian-2018-03-14\/<\/a>.<\/p>\n<p>Le r\u00e9pertoire&nbsp;raspbian-2019-04-09\/ est sans doute aussi utilisable, mais avec&nbsp; raspbian-2019-06-24\/ nous passons \u00e0 Buster.<\/p>\n<p>Nous noterons aussi ici qu&rsquo;il ne faut pas installer une version Lite r\u00e9duite qui ne contient pas Java.<\/p>\n<p><em><strong>Page 43<\/strong><\/em><\/p>\n<p>A propos de&nbsp;<strong>SSH.txt<\/strong>: Sur Internet nous trouvons aussi des r\u00e9f\u00e9rences \u00e0 ce fichier, mais en minuscule. L&rsquo;auteur a toujours utilis\u00e9 le fichier final SSH en majuscule.<\/p>\n<p><em><strong>Page 44<\/strong><\/em><br>Pour la commande <strong>arp -a<\/strong>, il faudra parfois patienter apr\u00e8s le d\u00e9marrage du PC. La liste compl\u00e8te des Raspberry Pi attach\u00e9s au routeur peut prendre un certain temps avant d&rsquo;\u00eatre synchronis\u00e9e et compl\u00e8te. En cas de doute, utiliser&nbsp;l\u2019outil Advanced IP scanner qui donnera la liste correcte imm\u00e9diatement.<\/p>\n<p><em><strong>Page 88<\/strong><\/em><br>Il y a une coquille dans la commande java o\u00f9&nbsp;<strong>BlinkGpioExample<\/strong> appara\u00eet 2 fois. Mais m\u00eame avec 2&nbsp;BlinkGpioExample la commande fonctionnera de la m\u00eame mani\u00e8re.<\/p>\n<p>Il devrait \u00eatre mentionn\u00e9 qu&rsquo;il faut d&rsquo;abord se rendre dans le r\u00e9pertoire&nbsp;<strong>\/opt\/pi4j\/examples<\/strong> avant d&rsquo;ex\u00e9cuter la commande java.<\/p>\n<p><em><strong>Page 88<\/strong><\/em>&nbsp;(merci encore \u00e0 Bertrand Roussel)<br>Le team Pi4J a enfin livr\u00e9 une nouvelle version du Pi4J, c&rsquo;est \u00e0 dire la 1.2 Nous aurons donc:<\/p>\n<pre>pi@raspberrypi:\/opt\/pi4j $ pi4j -version\n\n--------------------------------------------\nTHE Pi4J PROJECT\n--------------------------------------------\nVERSION : 1.2\nTIMESTAMP : 2019-02-28 05:08:02\n--------------------------------------------<\/pre>\n<p>La commande curl de la page 86 ne permet pas de choisir une ancienne version de Pi4J o\u00f9 \u00e9tait pr\u00e9sent le probl\u00e8me n\u00e9cessitant le param\u00e8tre <strong>-Dpi4j.linking=dynamic<\/strong>. Ce dernier n&rsquo;est donc plus d&rsquo;actualit\u00e9. L&rsquo;utilisation de ce param\u00e8tre est mentionn\u00e9 \u00e0 plusieurs&nbsp; occasions dans le livre, <strong>mais celui-ci n&rsquo;a aucun impact sur les exemples m\u00eame s&rsquo;il est utilis\u00e9<\/strong>.<\/p>\n<p>Les textes suivant pourraient \u00eatre adapt\u00e9s:<\/p>\n<p><em>Les biblioth\u00e8ques de Raspbian et de Pi4J n\u2019ont pas \u00e9t\u00e9 compil\u00e9es avec les m\u00eames options.&nbsp;<\/em>&gt;&gt;&gt;<\/p>\n<p>Dans la version 1.1 du Pi4J, les biblioth\u00e8ques de Raspbian et de Pi4J n&rsquo;avaient pas \u00e9t\u00e9 compil\u00e9es avec les m\u00eames options.<\/p>\n<p><em>Cette version est assez ancienne, mais c\u2019est du solide !<\/em> &gt;&gt;&gt;<\/p>\n<p>La version 1.2 a \u00e9t\u00e9 longtemps attendue: le team Pi4J est toujours pr\u00e9sent et fait bien son travail. La version 2.0 est pr\u00e9vue pour septembre 2019 et avec des changements significatifs que je me ferai le plaisir de v\u00e9rifier.<\/p>\n<p><strong><br>Page 94, 194 (2 fois), 209, 228, 247, 250, 277 (4 fois), 279 (2 fois) et 319<\/strong><\/p>\n<p>Le param\u00e8tre&nbsp; <strong>-Dpi4j.linking=dynamic<\/strong>&nbsp;n&rsquo;est plus n\u00e9cessaire \u00e0 pr\u00e9sent avec la version 1.2 du Pi4J. Cependant, m\u00eame s&rsquo;il est utilis\u00e9, il n&rsquo;affectera pas les r\u00e9sultats.<\/p>\n<p><em><strong>Page 159 (au milieu de page)<\/strong><\/em><br>Apr\u00e8s \u00ab\u00a0Un script Python salut.py, \u00a0\u00bb rajouter \u00ab\u00a0<strong>pr\u00e9par\u00e9 avec Notepad++,<\/strong> \u00ab\u00a0<\/p>\n<p><em><strong>Page 160 (tout en haut)<\/strong><\/em><br>Apr\u00e8s \u00ab\u00a0Un fichier salut.bat, \u00a0\u00bb rajouter \u00ab\u00a0<strong>pr\u00e9par\u00e9 avec Notepad++,<\/strong> \u00ab\u00a0<\/p>\n<p><em><strong>Page 187 (Montage d&rsquo;un c\u00e2ble)<\/strong><\/em><br><strong>Manipuler du 220V est \u00e9videmment un danger mortel. Un tel montage devrait \u00eatre v\u00e9rifi\u00e9 par un professionnel et doit \u00eatre mont\u00e9 \u00e0 l&rsquo;int\u00e9rieur d&rsquo;un bo\u00eetier appropri\u00e9.<\/strong>&nbsp;Il faudra s&rsquo;assurer que la bonne phase est coup\u00e9e.<\/p>\n<p>De toute mani\u00e8re la partie 220V ne sera connect\u00e9e qu&rsquo;apr\u00e8s que tout la partie Raspberry Pi soit termin\u00e9e. Il est possible de tester sans la partie lampe, car le relais fera des clics lors de l&rsquo;enclenchement c\u00f4t\u00e9 GPIO, m\u00eame si la partie 220V n&rsquo;est pas connect\u00e9e.<\/p>\n<p>L&rsquo;auteur l&rsquo;a utilis\u00e9 uniquement pour une lampe de chevet \u00e0 basse consommation (ampoule LED), et cette derni\u00e8re sans prise de terre, donc 2 broches seulement comme pour les alimentations des Raspberry Pi d&rsquo;ailleurs.<\/p>\n<p><em><strong>Page 224 et 225 (au milieu de ces pages)<\/strong><\/em><br>Ce n&rsquo;est pas la broche 12 dans le code des fichiers .py mais 32 (la broche physique).<\/p>\n<p>Pour le Raspberry Pi 4, les scripts buzzer.py et buzzer2.py <strong>ne fonctionne pas en GPIO.BOARD<\/strong>. Il faut utiliser GPIO.BCM:<\/p>\n<pre>GPIO.setmode(GPIO.BCM)\nGPIO.setup(12, GPIO.OUT)\n\np = GPIO.PWM(12, 500) # broche=32 fr\u00e9quence=500Hz<\/pre>\n<p>C&rsquo;est sans doute un probl\u00e8me dans la version Buster avec les adresses BOARD et BCM. Noter le 500Hz et non 50 Hz.<\/p>\n<p><em><strong>Page 226 &#8211; Classe Java AlarmBuzzer<\/strong><\/em><\/p>\n<p>Elle ne fonctionne pas sur le Raspberry Pi 4.&nbsp;C&rsquo;est sans doute le m\u00eame souci qu&rsquo;au pages 224 et 225. La version 2.0 du Pi4J est encore en d\u00e9veloppement. Mais il est toujours possible d&rsquo;activer un script Python depuis Java comme expliquer au chapitre 13.<\/p>\n<p><em>Derni\u00e8re modification: 2 septembre 2019<\/em><\/p>\n\n\n<p><\/p>\n","protected":false},"excerpt":{"rendered":"<p>Erreurs, corrections et adaptations Introduction Vu la popularit\u00e9 continuellement grandissante du Raspberry Pi, des derni\u00e8res retouches du livre faites en d\u00e9cembre 2018, de l&rsquo;apparition du&hellip;<\/p>\n","protected":false},"author":1,"featured_media":0,"parent":0,"menu_order":0,"comment_status":"closed","ping_status":"closed","template":"","meta":{"_mi_skip_tracking":false,"footnotes":""},"yoast_head":"<!-- This site is optimized with the Yoast SEO plugin v17.8 - https:\/\/yoast.com\/wordpress\/plugins\/seo\/ -->\n<title>Errata - Un livre sur Java, Python, Eclipse et le Raspberry Pi 3<\/title>\n<meta name=\"robots\" content=\"index, follow, max-snippet:-1, max-image-preview:large, max-video-preview:-1\" \/>\n<link rel=\"canonical\" href=\"https:\/\/www.boichat.ch\/wpjrsp\/errata\/\" \/>\n<meta property=\"og:locale\" content=\"fr_FR\" \/>\n<meta property=\"og:type\" content=\"article\" \/>\n<meta property=\"og:title\" content=\"Errata - Un livre sur Java, Python, Eclipse et le Raspberry Pi 3\" \/>\n<meta property=\"og:description\" content=\"Erreurs, corrections et adaptations Introduction Vu la popularit\u00e9 continuellement grandissante du Raspberry Pi, des derni\u00e8res retouches du livre faites en d\u00e9cembre 2018, de l&rsquo;apparition du&hellip;\" \/>\n<meta property=\"og:url\" content=\"https:\/\/www.boichat.ch\/wpjrsp\/errata\/\" \/>\n<meta property=\"og:site_name\" content=\"Un livre sur Java, Python, Eclipse et le Raspberry Pi 3\" \/>\n<meta property=\"article:modified_time\" content=\"2020-03-20T08:00:21+00:00\" \/>\n<meta name=\"twitter:card\" content=\"summary_large_image\" \/>\n<meta name=\"twitter:label1\" content=\"Dur\u00e9e de lecture estim\u00e9e\" \/>\n\t<meta name=\"twitter:data1\" content=\"7 minutes\" \/>\n<script type=\"application\/ld+json\" class=\"yoast-schema-graph\">{\"@context\":\"https:\/\/schema.org\",\"@graph\":[{\"@type\":\"WebSite\",\"@id\":\"https:\/\/www.boichat.ch\/wpjrsp\/#website\",\"url\":\"https:\/\/www.boichat.ch\/wpjrsp\/\",\"name\":\"Un livre sur Java, Python, Eclipse et le Raspberry Pi 3\",\"description\":\"Jean-Bernard Boichat - Auteur chez Eyrolles\",\"potentialAction\":[{\"@type\":\"SearchAction\",\"target\":{\"@type\":\"EntryPoint\",\"urlTemplate\":\"https:\/\/www.boichat.ch\/wpjrsp\/?s={search_term_string}\"},\"query-input\":\"required name=search_term_string\"}],\"inLanguage\":\"fr-FR\"},{\"@type\":\"WebPage\",\"@id\":\"https:\/\/www.boichat.ch\/wpjrsp\/errata\/#webpage\",\"url\":\"https:\/\/www.boichat.ch\/wpjrsp\/errata\/\",\"name\":\"Errata - Un livre sur Java, Python, Eclipse et le Raspberry Pi 3\",\"isPartOf\":{\"@id\":\"https:\/\/www.boichat.ch\/wpjrsp\/#website\"},\"datePublished\":\"2019-05-04T13:21:40+00:00\",\"dateModified\":\"2020-03-20T08:00:21+00:00\",\"breadcrumb\":{\"@id\":\"https:\/\/www.boichat.ch\/wpjrsp\/errata\/#breadcrumb\"},\"inLanguage\":\"fr-FR\",\"potentialAction\":[{\"@type\":\"ReadAction\",\"target\":[\"https:\/\/www.boichat.ch\/wpjrsp\/errata\/\"]}]},{\"@type\":\"BreadcrumbList\",\"@id\":\"https:\/\/www.boichat.ch\/wpjrsp\/errata\/#breadcrumb\",\"itemListElement\":[{\"@type\":\"ListItem\",\"position\":1,\"name\":\"Accueil\",\"item\":\"https:\/\/www.boichat.ch\/wpjrsp\/\"},{\"@type\":\"ListItem\",\"position\":2,\"name\":\"Errata\"}]}]}<\/script>\n<!-- \/ Yoast SEO plugin. -->","yoast_head_json":{"title":"Errata - Un livre sur Java, Python, Eclipse et le Raspberry Pi 3","robots":{"index":"index","follow":"follow","max-snippet":"max-snippet:-1","max-image-preview":"max-image-preview:large","max-video-preview":"max-video-preview:-1"},"canonical":"https:\/\/www.boichat.ch\/wpjrsp\/errata\/","og_locale":"fr_FR","og_type":"article","og_title":"Errata - Un livre sur Java, Python, Eclipse et le Raspberry Pi 3","og_description":"Erreurs, corrections et adaptations Introduction Vu la popularit\u00e9 continuellement grandissante du Raspberry Pi, des derni\u00e8res retouches du livre faites en d\u00e9cembre 2018, de l&rsquo;apparition du&hellip;","og_url":"https:\/\/www.boichat.ch\/wpjrsp\/errata\/","og_site_name":"Un livre sur Java, Python, Eclipse et le Raspberry Pi 3","article_modified_time":"2020-03-20T08:00:21+00:00","twitter_card":"summary_large_image","twitter_misc":{"Dur\u00e9e de lecture estim\u00e9e":"7 minutes"},"schema":{"@context":"https:\/\/schema.org","@graph":[{"@type":"WebSite","@id":"https:\/\/www.boichat.ch\/wpjrsp\/#website","url":"https:\/\/www.boichat.ch\/wpjrsp\/","name":"Un livre sur Java, Python, Eclipse et le Raspberry Pi 3","description":"Jean-Bernard Boichat - Auteur chez Eyrolles","potentialAction":[{"@type":"SearchAction","target":{"@type":"EntryPoint","urlTemplate":"https:\/\/www.boichat.ch\/wpjrsp\/?s={search_term_string}"},"query-input":"required name=search_term_string"}],"inLanguage":"fr-FR"},{"@type":"WebPage","@id":"https:\/\/www.boichat.ch\/wpjrsp\/errata\/#webpage","url":"https:\/\/www.boichat.ch\/wpjrsp\/errata\/","name":"Errata - Un livre sur Java, Python, Eclipse et le Raspberry Pi 3","isPartOf":{"@id":"https:\/\/www.boichat.ch\/wpjrsp\/#website"},"datePublished":"2019-05-04T13:21:40+00:00","dateModified":"2020-03-20T08:00:21+00:00","breadcrumb":{"@id":"https:\/\/www.boichat.ch\/wpjrsp\/errata\/#breadcrumb"},"inLanguage":"fr-FR","potentialAction":[{"@type":"ReadAction","target":["https:\/\/www.boichat.ch\/wpjrsp\/errata\/"]}]},{"@type":"BreadcrumbList","@id":"https:\/\/www.boichat.ch\/wpjrsp\/errata\/#breadcrumb","itemListElement":[{"@type":"ListItem","position":1,"name":"Accueil","item":"https:\/\/www.boichat.ch\/wpjrsp\/"},{"@type":"ListItem","position":2,"name":"Errata"}]}]}},"_links":{"self":[{"href":"https:\/\/www.boichat.ch\/wpjrsp\/wp-json\/wp\/v2\/pages\/1447"}],"collection":[{"href":"https:\/\/www.boichat.ch\/wpjrsp\/wp-json\/wp\/v2\/pages"}],"about":[{"href":"https:\/\/www.boichat.ch\/wpjrsp\/wp-json\/wp\/v2\/types\/page"}],"author":[{"embeddable":true,"href":"https:\/\/www.boichat.ch\/wpjrsp\/wp-json\/wp\/v2\/users\/1"}],"replies":[{"embeddable":true,"href":"https:\/\/www.boichat.ch\/wpjrsp\/wp-json\/wp\/v2\/comments?post=1447"}],"version-history":[{"count":0,"href":"https:\/\/www.boichat.ch\/wpjrsp\/wp-json\/wp\/v2\/pages\/1447\/revisions"}],"wp:attachment":[{"href":"https:\/\/www.boichat.ch\/wpjrsp\/wp-json\/wp\/v2\/media?parent=1447"}],"curies":[{"name":"wp","href":"https:\/\/api.w.org\/{rel}","templated":true}]}}