{"id":8,"date":"2018-10-23T09:09:46","date_gmt":"2018-10-23T07:09:46","guid":{"rendered":"http:\/\/www.boichat.ch\/wpjrsp\/?page_id=8"},"modified":"2025-03-16T11:58:05","modified_gmt":"2025-03-16T10:58:05","slug":"accueil","status":"publish","type":"page","link":"https:\/\/www.boichat.ch\/wpjrsp\/","title":{"rendered":"Programmer en Java pour le Raspberry Pi"},"content":{"rendered":"\t\t<div data-elementor-type=\"wp-page\" data-elementor-id=\"8\" class=\"elementor elementor-8\">\n\t\t\t\t\t\t\t<div class=\"elementor-element elementor-element-13eaa78 e-flex e-con-boxed e-con e-parent\" data-id=\"13eaa78\" data-element_type=\"container\" data-settings=\"{&quot;content_width&quot;:&quot;boxed&quot;}\" data-core-v316-plus=\"true\">\n\t\t\t\t\t<div class=\"e-con-inner\">\n\t\t<div class=\"elementor-element elementor-element-0761edc e-con-full e-flex e-con e-child\" data-id=\"0761edc\" data-element_type=\"container\" data-settings=\"{&quot;content_width&quot;:&quot;full&quot;}\">\n\t\t\t\t<div class=\"elementor-element elementor-element-0c5f788 elementor-widget elementor-widget-image\" data-id=\"0c5f788\" data-element_type=\"widget\" data-widget_type=\"image.default\">\n\t\t\t\t<div class=\"elementor-widget-container\">\n\t\t\t<style>\/*! elementor - v3.16.0 - 20-09-2023 *\/\n.elementor-widget-image{text-align:center}.elementor-widget-image a{display:inline-block}.elementor-widget-image a img[src$=\".svg\"]{width:48px}.elementor-widget-image img{vertical-align:middle;display:inline-block}<\/style>\t\t\t\t\t\t\t\t\t\t\t\t<img decoding=\"async\" loading=\"lazy\" width=\"843\" height=\"924\" src=\"https:\/\/www.boichat.ch\/wpjrsp\/wp-content\/uploads\/2018\/12\/couverture-934x1024.png\" class=\"attachment-large size-large wp-image-598\" alt=\"\" srcset=\"https:\/\/www.boichat.ch\/wpjrsp\/wp-content\/uploads\/2018\/12\/couverture-934x1024.png 934w, https:\/\/www.boichat.ch\/wpjrsp\/wp-content\/uploads\/2018\/12\/couverture-274x300.png 274w, https:\/\/www.boichat.ch\/wpjrsp\/wp-content\/uploads\/2018\/12\/couverture-768x842.png 768w, https:\/\/www.boichat.ch\/wpjrsp\/wp-content\/uploads\/2018\/12\/couverture-1200x1316.png 1200w, https:\/\/www.boichat.ch\/wpjrsp\/wp-content\/uploads\/2018\/12\/couverture.png 1623w\" sizes=\"(max-width: 843px) 100vw, 843px\" \/>\t\t\t\t\t\t\t\t\t\t\t\t\t\t\t<\/div>\n\t\t\t\t<\/div>\n\t\t\t\t<\/div>\n\t\t\t\t<div class=\"elementor-element elementor-element-59fba6b elementor-widget__width-initial elementor-widget elementor-widget-spacer\" data-id=\"59fba6b\" data-element_type=\"widget\" data-widget_type=\"spacer.default\">\n\t\t\t\t<div class=\"elementor-widget-container\">\n\t\t\t<style>\/*! elementor - v3.16.0 - 20-09-2023 *\/\n.elementor-column .elementor-spacer-inner{height:var(--spacer-size)}.e-con{--container-widget-width:100%}.e-con-inner>.elementor-widget-spacer,.e-con>.elementor-widget-spacer{width:var(--container-widget-width,var(--spacer-size));--align-self:var(--container-widget-align-self,initial);--flex-shrink:0}.e-con-inner>.elementor-widget-spacer>.elementor-widget-container,.e-con>.elementor-widget-spacer>.elementor-widget-container{height:100%;width:100%}.e-con-inner>.elementor-widget-spacer>.elementor-widget-container>.elementor-spacer,.e-con>.elementor-widget-spacer>.elementor-widget-container>.elementor-spacer{height:100%}.e-con-inner>.elementor-widget-spacer>.elementor-widget-container>.elementor-spacer>.elementor-spacer-inner,.e-con>.elementor-widget-spacer>.elementor-widget-container>.elementor-spacer>.elementor-spacer-inner{height:var(--container-widget-height,var(--spacer-size))}.e-con-inner>.elementor-widget-spacer.elementor-widget-empty,.e-con>.elementor-widget-spacer.elementor-widget-empty{position:relative;min-height:22px;min-width:22px}.e-con-inner>.elementor-widget-spacer.elementor-widget-empty .elementor-widget-empty-icon,.e-con>.elementor-widget-spacer.elementor-widget-empty .elementor-widget-empty-icon{position:absolute;top:0;bottom:0;left:0;right:0;margin:auto;padding:0;width:22px;height:22px}<\/style>\t\t<div class=\"elementor-spacer\">\n\t\t\t<div class=\"elementor-spacer-inner\"><\/div>\n\t\t<\/div>\n\t\t\t\t<\/div>\n\t\t\t\t<\/div>\n\t\t<div class=\"elementor-element elementor-element-7060c6c e-con-full e-flex e-con e-child\" data-id=\"7060c6c\" data-element_type=\"container\" data-settings=\"{&quot;content_width&quot;:&quot;full&quot;}\">\n\t\t\t\t<div class=\"elementor-element elementor-element-aaa81b2 elementor-hidden-tablet elementor-hidden-mobile elementor-widget elementor-widget-spacer\" data-id=\"aaa81b2\" data-element_type=\"widget\" data-widget_type=\"spacer.default\">\n\t\t\t\t<div class=\"elementor-widget-container\">\n\t\t\t\t\t<div class=\"elementor-spacer\">\n\t\t\t<div class=\"elementor-spacer-inner\"><\/div>\n\t\t<\/div>\n\t\t\t\t<\/div>\n\t\t\t\t<\/div>\n\t\t\t\t<div class=\"elementor-element elementor-element-d85ecf3 elementor-widget elementor-widget-text-editor\" data-id=\"d85ecf3\" data-element_type=\"widget\" data-widget_type=\"text-editor.default\">\n\t\t\t\t<div class=\"elementor-widget-container\">\n\t\t\t<style>\/*! elementor - v3.16.0 - 20-09-2023 *\/\n.elementor-widget-text-editor.elementor-drop-cap-view-stacked .elementor-drop-cap{background-color:#69727d;color:#fff}.elementor-widget-text-editor.elementor-drop-cap-view-framed .elementor-drop-cap{color:#69727d;border:3px solid;background-color:transparent}.elementor-widget-text-editor:not(.elementor-drop-cap-view-default) .elementor-drop-cap{margin-top:8px}.elementor-widget-text-editor:not(.elementor-drop-cap-view-default) .elementor-drop-cap-letter{width:1em;height:1em}.elementor-widget-text-editor .elementor-drop-cap{float:left;text-align:center;line-height:1;font-size:50px}.elementor-widget-text-editor .elementor-drop-cap-letter{display:inline-block}<\/style>\t\t\t\t<p><strong><em>Date de la derni\u00e8re modification: 16 mars 2025<\/em><\/strong><\/p>\n<p><a href=\"https:\/\/www.eyrolles.com\/Informatique\/Livre\/java-pour-le-raspberry-pi-3-9782212677461\/\" target=\"_blank\" rel=\"noopener noreferrer\"><strong>Cet ouvrage, \u00e9dit\u00e9 et pr\u00e9sent\u00e9 chez&nbsp;Eyrolles<\/strong><\/a>,&nbsp;est accompagn\u00e9 <strong><a href=\"https:\/\/www.boichat.ch\/wpjrsp\/2018\/10\/30\/divers-article\/\" target=\"_blank\" rel=\"noopener noreferrer\">ici <\/a><a href=\"https:\/\/www.boichat.ch\/wpjrsp\/2018\/10\/30\/divers-article\/\" target=\"_blank\" rel=\"noopener noreferrer\">de nombreux articles,&nbsp; d&rsquo;extensions et d&rsquo;id\u00e9es de projets<\/a><\/strong>.<\/p>\n<p>Il est sorti&nbsp; en librairie en<strong>&nbsp;janvier 2019<\/strong>.<\/p>\n<p>Le lecteur me d\u00e9couvrira un peu plus sur <strong><a href=\"https:\/\/www.boichat.ch\/joomla\/\" target=\"_blank\" rel=\"noopener\">mon site principal<\/a> <\/strong>&nbsp;et mon second avec des sujets consacr\u00e9s entres autres <a href=\"http:\/\/www.boichat.ch\/wordpress\/\" target=\"_blank\" rel=\"noopener noreferrer\"><em><strong>\u00e0 WordPress et Elementor, aux \u00c9checs, \u00e0 la photographie, aux imprimantes 3d et \u00e0 la gestion de ma consommation d&rsquo;\u00e9lectricit\u00e9.<\/strong><\/em><\/a><\/p>\n<p>M\u00eame encore en <b>2025<\/b>, j&rsquo;utilise toujours ce livre et le <b>Raspberry Pi<\/b> pour d\u00e9velopper de petits outils comme&nbsp;<strong><a href=\"https:\/\/www.boichat.ch\/wordpress\/2023\/11\/27\/comment-regler-sa-pompe-a-chaleur-pour-une-consommation-optimale-delectricite\/\" target=\"_blank\" rel=\"noopener\">Comment r\u00e9gler sa pompe \u00e0 chaleur pour une consommation optimale d&rsquo;\u00e9lectricit\u00e9<\/a><\/strong>.&nbsp;<\/p>\n<p><span style=\"font-size: 12pt;\"><span style=\"color: #000000;\">Dans l&rsquo;article<strong>&nbsp;<a style=\"color: #000000;\" href=\"https:\/\/www.boichat.ch\/wordpress\/2024\/09\/18\/raspberry-pi-5\/\">Raspberry Pi 5 avec Java et Python<\/a><\/strong> on trouvera des notes sur ce mod\u00e8le beaucoup plus r\u00e9cent, en particulier les nouveaut\u00e9s des broches&nbsp;<b>GPIO<\/b>. Je travaille aussi d\u00e9but 2025 sur une mise \u00e0 jour de mon <\/span><span style=\"text-align: var(--text-align);\"><span style=\"color: #000000;\">environnement<\/span><\/span><span style=\"color: #000000; font-family: var( --e-global-typography-text-font-family ), Sans-serif; font-weight: var( --e-global-typography-text-font-weight ); text-align: var(--text-align);\">&nbsp;Eclipse et de mes 3 Pi actifs (article en pr\u00e9paration).&nbsp;<\/span><\/span><\/p>\t\t\t\t\t\t<\/div>\n\t\t\t\t<\/div>\n\t\t\t\t<\/div>\n\t\t\t\t\t<\/div>\n\t\t\t\t<\/div>\n\t\t<div class=\"elementor-element elementor-element-4407dde e-flex e-con-boxed e-con e-parent\" data-id=\"4407dde\" data-element_type=\"container\" data-settings=\"{&quot;content_width&quot;:&quot;boxed&quot;}\" data-core-v316-plus=\"true\">\n\t\t\t\t\t<div class=\"e-con-inner\">\n\t\t<div class=\"elementor-element elementor-element-8bd34d0 e-con-full e-flex e-con e-child\" data-id=\"8bd34d0\" data-element_type=\"container\" data-settings=\"{&quot;content_width&quot;:&quot;full&quot;}\">\n\t\t<div class=\"elementor-element elementor-element-75f82a9 e-con-full e-flex e-con e-child\" data-id=\"75f82a9\" data-element_type=\"container\" data-settings=\"{&quot;content_width&quot;:&quot;full&quot;}\">\n\t\t\t\t<div class=\"elementor-element elementor-element-5487b4c elementor-widget__width-initial elementor-widget elementor-widget-text-editor\" data-id=\"5487b4c\" data-element_type=\"widget\" data-widget_type=\"text-editor.default\">\n\t\t\t\t<div class=\"elementor-widget-container\">\n\t\t\t\t\t\t\t<p>Ce livre sur\u00a0<strong>Java, Eclipse, Python et le Raspberry Pi<\/strong>\u00a03 (et 4) a aussi \u00e9t\u00e9 pour moi une opportunit\u00e9 afin de mettre en place\u00a0<a href=\"http:\/\/www.boichat.ch\/wordpress\/2018\/10\/22\/un-second-site-wordpress-pour-mon-livre-java-avec-le-raspberry-pi-3b\/\" target=\"_blank\" rel=\"noopener noreferrer\">ce site WordPress<\/a>\u00a0d\u00e9di\u00e9 \u00e0 ces technologies. Il peut \u00eatre command\u00e9 en librairie ou sur Internet, par exemple via\u00a0<a href=\"https:\/\/www.amazon.fr\/Programmer-Java-pour-Raspberry-Pi\/dp\/2212677464\" target=\"_blank\" rel=\"noopener noreferrer\">Amazon<\/a>\u00a0ou la\u00a0<a href=\"https:\/\/livre.fnac.com\/a12869362\/BOICHAT-JEAN-BERNARD-Programmer-en-java-pour-le-raspberry-pi-3\" target=\"_blank\" rel=\"noopener noreferrer\">FNAC<\/a>.<\/p><p>Le titre du livre ne mentionne pas directement le langage Python, mais c&rsquo;est bien ce dernier qui est utilis\u00e9 pour tester les circuits \u00e9lectroniques attach\u00e9s au port GPIO, et avant de passer \u00e0 la programmation du code en Java.\u00a0<strong>Python devenant de plus en plus populaire, il est tout a fait raisonnable d&rsquo;acqu\u00e9rir ce livre, m\u00eame si on ne d\u00e9sire pas utiliser le langage Java dans un premier temps!<\/strong><\/p><p><strong>Java et Python sont en informatique deux des langages les plus utilis\u00e9s<\/strong>. Avec\u00a0<strong>Linux<\/strong>\u00a0qui est le syst\u00e8me d&rsquo;exploitation du\u00a0<strong>Raspberry P<\/strong>i et d&rsquo;autres domaines comme le\u00a0<strong>langage SQL<\/strong>, le lecteur aura une occasion id\u00e9ale pour se former \u00e0 toutes ces technologies, en plus d&rsquo;un certain nombre de\u00a0<strong>protocoles Internet<\/strong>.<\/p><p>Les mod\u00e8les Pi 3B+,\u00a0<a href=\"https:\/\/www.boichat.ch\/wpjrsp\/2018\/11\/07\/raspberry-pi-zero-wh\/\" target=\"_blank\" rel=\"noopener noreferrer\">Pi Zero WH<\/a>\u00a0et\u00a0<a href=\"https:\/\/www.boichat.ch\/wpjrsp\/2018\/11\/28\/raspberry-pi-3-a\/\" target=\"_blank\" rel=\"noopener noreferrer\">Pi 3 A+ (novembre 2018)<\/a>\u00a0du Raspberry Pi ont \u00e9t\u00e9 v\u00e9rifi\u00e9s et sont exploitables, comme d&rsquo;ailleurs les tous derniers Raspberry Pi 4 B.<\/p><p>J&rsquo;ai achet\u00e9\u00a0<a href=\"https:\/\/www.raspberrypi.org\/products\/raspberry-pi-4-model-b\/\" target=\"_blank\" rel=\"noopener noreferrer\"><strong>le nouveau Raspberry Pi 4<\/strong>\u00a0en juin 2019<\/a>, apr\u00e8s la sortie du livre, ce qui m&rsquo;a permit de v\u00e9rifier la plupart des exemples et le contenu du livre (voir l&rsquo;article de r\u00e9f\u00e9rence:\u00a0<a href=\"https:\/\/www.boichat.ch\/wpjrsp\/2019\/07\/04\/installation-dun-raspberry-pi-4-avec-le-pi4j-pour-java-et-quelques-tests-en-python\/\" target=\"_blank\" rel=\"noopener noreferrer\"><strong>Installation d\u2019un Raspberry Pi 4 avec le Pi4J pour Java et quelques tests en Python<\/strong><\/a>).<\/p><p>J&rsquo;ai aussi install\u00e9 le nouveau\u00a0<strong>raspbian-buster<\/strong>\u00a0et le Pi4J sur un Raspberry Pi 3 A+ (article de r\u00e9f\u00e9rence:\u00a0<a href=\"https:\/\/www.boichat.ch\/wpjrsp\/2019\/06\/30\/reinstaller-un-raspberry-pi-3-avec-raspbian-buster\/\" target=\"_blank\" rel=\"noopener noreferrer\">R\u00e9installer un Raspberry Pi 3 avec Raspbian Buster<\/a>)<\/p><p>Il faudra aussi\u00a0<strong><a href=\"https:\/\/www.boichat.ch\/wpjrsp\/errata\" target=\"_blank\" rel=\"noopener noreferrer\">consulter l&rsquo;Errata et son introduction<\/a>.<\/strong><\/p><p>J&rsquo;ai \u00e9crit aussi un certain nombre d&rsquo;articles pour le magazine\u00a0<strong><a href=\"https:\/\/www.programmez.com\/\" target=\"_blank\" rel=\"noopener noreferrer\">Programmez<\/a><\/strong>\u00a0et le site\u00a0<strong><a href=\"https:\/\/www.developpez.com\/\" target=\"_blank\" rel=\"noopener noreferrer\">https:\/\/www.developpez.com\/<\/a><\/strong>\u00a0,\u00a0<a href=\"https:\/\/boichat.developpez.com\/tutoriels\/python\/apprendre-utiliser-pydev\/\" target=\"_blank\" rel=\"noopener noreferrer\">comme cet article sur\u00a0<strong>PyDev (Python sous Eclipse<\/strong>)<\/a>.<\/p><p>Je m&rsquo;amuse aussi avec des\u00a0<strong><a href=\"http:\/\/www.boichat.ch\/joomla\/index.php?option=com_content&amp;view=category&amp;id=92&amp;Itemid=503\" target=\"_blank\" rel=\"noopener noreferrer\">ESP8266, des ESP32, voire du MicroPython d\u00e9crits sur mon site principal Joomla<\/a>. L&rsquo;article\u00a0<\/strong><b><a href=\"https:\/\/www.boichat.ch\/joomla\/index.php?option=com_content&amp;view=article&amp;id=132:un-tutoriel-sur-l-esp32-un-thermometre-digital&amp;catid=92&amp;Itemid=503\" target=\"_blank\" rel=\"noopener\">Un tutoriel pour d\u00e9butant pour l&rsquo;ESP32: un thermom\u00e8tre digital (en travail continuel)<\/a>\u00a0est le plus consult\u00e9!<\/b><\/p><p><strong>Mon dernier travail, aussi en relation indirecte avec ce livre, est maintenant disponible sur\u00a0<a href=\"https:\/\/www.developpez.com\/\" target=\"_blank\" rel=\"noopener noreferrer\">developpez.com\/<\/a>, et il montre d&rsquo;autres mani\u00e8res d&rsquo;exploiter le potentiel du RPi:\u00a0<a href=\"https:\/\/boichat.developpez.com\/tutoriels\/raspberry-pi-flask-sqlite\/\" target=\"_blank\" rel=\"noopener noreferrer\">Python Flask et SQLite pour le Raspberry Pi 3 ou 4 &#8211; exemples de communication avec des ESP32 ou ESP8266<\/a>.<\/strong><\/p><p>J&rsquo;ai retrouv\u00e9 le\u00a0<strong>Raspberry Pi<\/strong>\u00a0lors de l&rsquo;acquisition d&rsquo;une imprimante 3D d\u00e9but 2021!<br \/>On retrouvera son utilisation avec l&rsquo;<strong><a href=\"http:\/\/www.boichat.ch\/wordpress\/2021\/01\/23\/imprimante-3d-creality-ender-3-v2\/#a_octoprint\" target=\"_blank\" rel=\"noopener noreferrer\">application Octoprint<\/a><\/strong>\u00a0d\u00e9crit dans mon article\u00a0<strong><a href=\"http:\/\/www.boichat.ch\/wordpress\/2021\/01\/23\/imprimante-3d-creality-ender-3-v2\" target=\"_blank\" rel=\"noopener noreferrer\">Imprimante 3D &#8211; Creality Ender 3 V2<\/a><\/strong>.\u00a0 \u00a0<\/p><p><em><a href=\"mailto:jean-bernard@boichat.ch?subject=Java%20et%20le%20Raspberry%C2%A0Pi%C2%A03%C2%A0B%20(WP)\" target=\"_blank\" rel=\"noopener noreferrer\"><strong>Vos commentaires sont \u00e9videmment bienvenus<\/strong><\/a><\/em><em><br \/>Contact:\u00a0\u00a0<a href=\"mailto:jean-bernard@boichat.ch\" target=\"_blank\" rel=\"noopener noreferrer\">jean-bernard@boichat.ch<\/a><\/em><\/p>\t\t\t\t\t\t<\/div>\n\t\t\t\t<\/div>\n\t\t\t\t<\/div>\n\t\t\t\t<\/div>\n\t\t<div class=\"elementor-element elementor-element-112beda e-con-full e-flex e-con e-child\" data-id=\"112beda\" data-element_type=\"container\" data-settings=\"{&quot;content_width&quot;:&quot;full&quot;}\">\n\t\t\t\t<\/div>\n\t\t\t\t\t<\/div>\n\t\t\t\t<\/div>\n\t\t<div class=\"elementor-element elementor-element-0cdd006 e-flex e-con-boxed e-con e-parent\" data-id=\"0cdd006\" data-element_type=\"container\" data-settings=\"{&quot;content_width&quot;:&quot;boxed&quot;}\" data-core-v316-plus=\"true\">\n\t\t\t\t\t<div class=\"e-con-inner\">\n\t\t\t\t<div class=\"elementor-element elementor-element-78103cb elementor-widget elementor-widget-spacer\" data-id=\"78103cb\" data-element_type=\"widget\" data-widget_type=\"spacer.default\">\n\t\t\t\t<div class=\"elementor-widget-container\">\n\t\t\t\t\t<div class=\"elementor-spacer\">\n\t\t\t<div class=\"elementor-spacer-inner\"><\/div>\n\t\t<\/div>\n\t\t\t\t<\/div>\n\t\t\t\t<\/div>\n\t\t\t\t\t<\/div>\n\t\t\t\t<\/div>\n\t\t\t\t\t\t\t<\/div>\n\t\t","protected":false},"excerpt":{"rendered":"<p>Cet ouvrage, \u00e9dit\u00e9 et pr\u00e9sent\u00e9 chez&nbsp;Eyrolles,&nbsp;est accompagn\u00e9 ici de nombreux articles,&nbsp; d&rsquo;extensions et d&rsquo;id\u00e9es de projets. Il est sorti&nbsp; en librairie en&nbsp;janvier 2019. Le lecteur&hellip;<\/p>\n","protected":false},"author":1,"featured_media":0,"parent":0,"menu_order":0,"comment_status":"closed","ping_status":"closed","template":"","meta":{"_mi_skip_tracking":false,"footnotes":""},"yoast_head":"<!-- This site is optimized with the Yoast SEO plugin v17.8 - https:\/\/yoast.com\/wordpress\/plugins\/seo\/ -->\n<title>Programmer en Java pour le Raspberry Pi - Un livre sur Java, Python, Eclipse et le Raspberry Pi 3<\/title>\n<meta name=\"description\" content=\"Ce livre paru chez Eyrolles est d\u00e9di\u00e9 au Rasperry Pi3 et Pi4. Nous y trouverons des langages et outils comme Java, Eclipse, Python, Linux, Putty ou autres WinSCP. %\" \/>\n<meta name=\"robots\" content=\"index, follow, max-snippet:-1, max-image-preview:large, max-video-preview:-1\" \/>\n<link rel=\"canonical\" href=\"https:\/\/www.boichat.ch\/wpjrsp\/\" \/>\n<meta property=\"og:locale\" content=\"fr_FR\" \/>\n<meta property=\"og:type\" content=\"article\" \/>\n<meta property=\"og:title\" content=\"Programmer en Java pour le Raspberry Pi - Un livre sur Java, Python, Eclipse et le Raspberry Pi 3\" \/>\n<meta property=\"og:description\" content=\"Ce livre paru chez Eyrolles est d\u00e9di\u00e9 au Rasperry Pi3 et Pi4. Nous y trouverons des langages et outils comme Java, Eclipse, Python, Linux, Putty ou autres WinSCP. %\" \/>\n<meta property=\"og:url\" content=\"https:\/\/www.boichat.ch\/wpjrsp\/\" \/>\n<meta property=\"og:site_name\" content=\"Un livre sur Java, Python, Eclipse et le Raspberry Pi 3\" \/>\n<meta property=\"article:modified_time\" content=\"2025-03-16T10:58:05+00:00\" \/>\n<meta property=\"og:image\" content=\"https:\/\/www.boichat.ch\/wpjrsp\/wp-content\/uploads\/2018\/12\/couverture-934x1024.png\" \/>\n<meta name=\"twitter:card\" content=\"summary_large_image\" \/>\n<meta name=\"twitter:label1\" content=\"Dur\u00e9e de lecture estim\u00e9e\" \/>\n\t<meta name=\"twitter:data1\" content=\"3 minutes\" \/>\n<script type=\"application\/ld+json\" class=\"yoast-schema-graph\">{\"@context\":\"https:\/\/schema.org\",\"@graph\":[{\"@type\":\"WebSite\",\"@id\":\"https:\/\/www.boichat.ch\/wpjrsp\/#website\",\"url\":\"https:\/\/www.boichat.ch\/wpjrsp\/\",\"name\":\"Un livre sur Java, Python, Eclipse et le Raspberry Pi 3\",\"description\":\"Jean-Bernard Boichat - Auteur chez Eyrolles\",\"potentialAction\":[{\"@type\":\"SearchAction\",\"target\":{\"@type\":\"EntryPoint\",\"urlTemplate\":\"https:\/\/www.boichat.ch\/wpjrsp\/?s={search_term_string}\"},\"query-input\":\"required name=search_term_string\"}],\"inLanguage\":\"fr-FR\"},{\"@type\":\"ImageObject\",\"@id\":\"https:\/\/www.boichat.ch\/wpjrsp\/#primaryimage\",\"inLanguage\":\"fr-FR\",\"url\":\"https:\/\/www.boichat.ch\/wpjrsp\/wp-content\/uploads\/2018\/12\/couverture.png\",\"contentUrl\":\"https:\/\/www.boichat.ch\/wpjrsp\/wp-content\/uploads\/2018\/12\/couverture.png\",\"width\":1623,\"height\":1780,\"caption\":\"Couverture\"},{\"@type\":\"WebPage\",\"@id\":\"https:\/\/www.boichat.ch\/wpjrsp\/#webpage\",\"url\":\"https:\/\/www.boichat.ch\/wpjrsp\/\",\"name\":\"Programmer en Java pour le Raspberry Pi - Un livre sur Java, Python, Eclipse et le Raspberry Pi 3\",\"isPartOf\":{\"@id\":\"https:\/\/www.boichat.ch\/wpjrsp\/#website\"},\"primaryImageOfPage\":{\"@id\":\"https:\/\/www.boichat.ch\/wpjrsp\/#primaryimage\"},\"datePublished\":\"2018-10-23T07:09:46+00:00\",\"dateModified\":\"2025-03-16T10:58:05+00:00\",\"description\":\"Ce livre paru chez Eyrolles est d\\u00e9di\\u00e9 au Rasperry Pi3 et Pi4. Nous y trouverons des langages et outils comme Java, Eclipse, Python, Linux, Putty ou autres WinSCP. %\",\"breadcrumb\":{\"@id\":\"https:\/\/www.boichat.ch\/wpjrsp\/#breadcrumb\"},\"inLanguage\":\"fr-FR\",\"potentialAction\":[{\"@type\":\"ReadAction\",\"target\":[\"https:\/\/www.boichat.ch\/wpjrsp\/\"]}]},{\"@type\":\"BreadcrumbList\",\"@id\":\"https:\/\/www.boichat.ch\/wpjrsp\/#breadcrumb\",\"itemListElement\":[{\"@type\":\"ListItem\",\"position\":1,\"name\":\"Accueil\",\"item\":\"https:\/\/www.boichat.ch\/wpjrsp\/\"},{\"@type\":\"ListItem\",\"position\":2,\"name\":\"Programmer en Java pour le Raspberry Pi\"}]}]}<\/script>\n<!-- \/ Yoast SEO plugin. -->","yoast_head_json":{"title":"Programmer en Java pour le Raspberry Pi - Un livre sur Java, Python, Eclipse et le Raspberry Pi 3","description":"Ce livre paru chez Eyrolles est d\u00e9di\u00e9 au Rasperry Pi3 et Pi4. Nous y trouverons des langages et outils comme Java, Eclipse, Python, Linux, Putty ou autres WinSCP. %","robots":{"index":"index","follow":"follow","max-snippet":"max-snippet:-1","max-image-preview":"max-image-preview:large","max-video-preview":"max-video-preview:-1"},"canonical":"https:\/\/www.boichat.ch\/wpjrsp\/","og_locale":"fr_FR","og_type":"article","og_title":"Programmer en Java pour le Raspberry Pi - Un livre sur Java, Python, Eclipse et le Raspberry Pi 3","og_description":"Ce livre paru chez Eyrolles est d\u00e9di\u00e9 au Rasperry Pi3 et Pi4. Nous y trouverons des langages et outils comme Java, Eclipse, Python, Linux, Putty ou autres WinSCP. %","og_url":"https:\/\/www.boichat.ch\/wpjrsp\/","og_site_name":"Un livre sur Java, Python, Eclipse et le Raspberry Pi 3","article_modified_time":"2025-03-16T10:58:05+00:00","og_image":[{"url":"https:\/\/www.boichat.ch\/wpjrsp\/wp-content\/uploads\/2018\/12\/couverture-934x1024.png"}],"twitter_card":"summary_large_image","twitter_misc":{"Dur\u00e9e de lecture estim\u00e9e":"3 minutes"},"schema":{"@context":"https:\/\/schema.org","@graph":[{"@type":"WebSite","@id":"https:\/\/www.boichat.ch\/wpjrsp\/#website","url":"https:\/\/www.boichat.ch\/wpjrsp\/","name":"Un livre sur Java, Python, Eclipse et le Raspberry Pi 3","description":"Jean-Bernard Boichat - Auteur chez Eyrolles","potentialAction":[{"@type":"SearchAction","target":{"@type":"EntryPoint","urlTemplate":"https:\/\/www.boichat.ch\/wpjrsp\/?s={search_term_string}"},"query-input":"required name=search_term_string"}],"inLanguage":"fr-FR"},{"@type":"ImageObject","@id":"https:\/\/www.boichat.ch\/wpjrsp\/#primaryimage","inLanguage":"fr-FR","url":"https:\/\/www.boichat.ch\/wpjrsp\/wp-content\/uploads\/2018\/12\/couverture.png","contentUrl":"https:\/\/www.boichat.ch\/wpjrsp\/wp-content\/uploads\/2018\/12\/couverture.png","width":1623,"height":1780,"caption":"Couverture"},{"@type":"WebPage","@id":"https:\/\/www.boichat.ch\/wpjrsp\/#webpage","url":"https:\/\/www.boichat.ch\/wpjrsp\/","name":"Programmer en Java pour le Raspberry Pi - Un livre sur Java, Python, Eclipse et le Raspberry Pi 3","isPartOf":{"@id":"https:\/\/www.boichat.ch\/wpjrsp\/#website"},"primaryImageOfPage":{"@id":"https:\/\/www.boichat.ch\/wpjrsp\/#primaryimage"},"datePublished":"2018-10-23T07:09:46+00:00","dateModified":"2025-03-16T10:58:05+00:00","description":"Ce livre paru chez Eyrolles est d\u00e9di\u00e9 au Rasperry Pi3 et Pi4. Nous y trouverons des langages et outils comme Java, Eclipse, Python, Linux, Putty ou autres WinSCP. %","breadcrumb":{"@id":"https:\/\/www.boichat.ch\/wpjrsp\/#breadcrumb"},"inLanguage":"fr-FR","potentialAction":[{"@type":"ReadAction","target":["https:\/\/www.boichat.ch\/wpjrsp\/"]}]},{"@type":"BreadcrumbList","@id":"https:\/\/www.boichat.ch\/wpjrsp\/#breadcrumb","itemListElement":[{"@type":"ListItem","position":1,"name":"Accueil","item":"https:\/\/www.boichat.ch\/wpjrsp\/"},{"@type":"ListItem","position":2,"name":"Programmer en Java pour le Raspberry Pi"}]}]}},"_links":{"self":[{"href":"https:\/\/www.boichat.ch\/wpjrsp\/wp-json\/wp\/v2\/pages\/8"}],"collection":[{"href":"https:\/\/www.boichat.ch\/wpjrsp\/wp-json\/wp\/v2\/pages"}],"about":[{"href":"https:\/\/www.boichat.ch\/wpjrsp\/wp-json\/wp\/v2\/types\/page"}],"author":[{"embeddable":true,"href":"https:\/\/www.boichat.ch\/wpjrsp\/wp-json\/wp\/v2\/users\/1"}],"replies":[{"embeddable":true,"href":"https:\/\/www.boichat.ch\/wpjrsp\/wp-json\/wp\/v2\/comments?post=8"}],"version-history":[{"count":67,"href":"https:\/\/www.boichat.ch\/wpjrsp\/wp-json\/wp\/v2\/pages\/8\/revisions"}],"predecessor-version":[{"id":2061,"href":"https:\/\/www.boichat.ch\/wpjrsp\/wp-json\/wp\/v2\/pages\/8\/revisions\/2061"}],"wp:attachment":[{"href":"https:\/\/www.boichat.ch\/wpjrsp\/wp-json\/wp\/v2\/media?parent=8"}],"curies":[{"name":"wp","href":"https:\/\/api.w.org\/{rel}","templated":true}]}}